{"id":3982,"date":"2017-01-19T10:08:29","date_gmt":"2017-01-19T10:08:29","guid":{"rendered":"http:\/\/www.hotelpaseodegracia.es\/?page_id=3982"},"modified":"2018-10-23T11:59:57","modified_gmt":"2018-10-23T11:59:57","slug":"emplacement","status":"publish","type":"page","link":"https:\/\/www.hotelpaseodegracia.es\/fr\/emplacement\/","title":{"rendered":"Emplacement"},"content":{"rendered":"<p>[vc_row][vc_column][vc_empty_space][vc_column_text]<\/p>\n<h1>Emplacement<\/h1>\n<p>[\/vc_column_text][vc_column_text]<iframe loading=\"lazy\" style=\"border: 0;\" src=\"https:\/\/www.google.com\/maps\/embed?pb=!1m18!1m12!1m3!1d2992.99831859578!2d2.1587729154260704!3d41.39584287926336!2m3!1f0!2f0!3f0!3m2!1i1024!2i768!4f13.1!3m3!1m2!1s0x12a4a293f45b556f%3A0x1c91eeb1572199fa!2sHotel+Passeig+de+Gr%C3%A0cia!5e0!3m2!1sca!2ses!4v1537874198392\" width=\"100%\" height=\"450\" frameborder=\"0\" allowfullscreen=\"allowfullscreen\"><\/iframe>[\/vc_column_text][\/vc_column][\/vc_row][vc_row padding_top=\u00a0\u00bb20&Prime;][vc_column width=\u00a0\u00bb1\/4&Prime; column_align=\u00a0\u00bb\u00a0\u00bb column_style=\u00a0\u00bb\u00a0\u00bb animation=\u00a0\u00bb\u00a0\u00bb][vc_column_text]<\/p>\n<h2>Adresse:<\/h2>\n<p><strong>Hotel Paseo de Gracia<\/strong> Pg. de Gr\u00e0cia, 102 08008 Barcelona (0034) 932150603[\/vc_column_text][\/vc_column][vc_column width=\u00a0\u00bb3\/4&Prime; column_align=\u00a0\u00bb\u00a0\u00bb column_style=\u00a0\u00bb\u00a0\u00bb animation=\u00a0\u00bb\u00a0\u00bb][vc_column_text]<\/p>\n<h2>Le point de partie id\u00e9al pour visiter Barcelone<\/h2>\n<p>L\u2019H\u00f4tel Paseo de Gracia est id\u00e9alement situ\u00e9 dans la rue dont il emprunte le nom, une des plus \u00e9l\u00e9gantes de la ville. A tr\u00e8s peu de m\u00e8tres, vous trouverez les boutiques de mode les plus exclusives et grand nombre de restaurants, bars et caf\u00e9s, ainsi que certains des points touristiques les plus embl\u00e9matiques de Barcelone. Les arr\u00eats de m\u00e9tro, autobus et Bus Touristique se trouvent \u00e0 quelques m\u00e8tres et Plaza Catalunya et Les Ramblas, \u00e0 moins de 15 minutes \u00e0 pied.[\/vc_column_text][\/vc_column][\/vc_row][vc_row][vc_column][vc_empty_space][\/vc_column][\/vc_row][vc_row parallax=\u00a0\u00bb\u00a0\u00bb parallax_image=\u00a0\u00bb\u00a0\u00bb][vc_column width=\u00a0\u00bb1\/2&Prime; column_align=\u00a0\u00bb\u00a0\u00bb column_style=\u00a0\u00bb\u00a0\u00bb animation=\u00a0\u00bb\u00a0\u00bb][vc_single_image image=\u00a0\u00bb2935&Prime; img_size=\u00a0\u00bbfull\u00a0\u00bb alignment=\u00a0\u00bbcenter\u00a0\u00bb][\/vc_column][vc_column width=\u00a0\u00bb1\/2&Prime; column_align=\u00a0\u00bb\u00a0\u00bb column_style=\u00a0\u00bb\u00a0\u00bb animation=\u00a0\u00bb\u00a0\u00bb][vc_single_image image=\u00a0\u00bb2936&Prime; img_size=\u00a0\u00bbfull\u00a0\u00bb alignment=\u00a0\u00bbcenter\u00a0\u00bb][\/vc_column][\/vc_row][vc_row][vc_column][vc_empty_space][\/vc_column][\/vc_row]<\/p>\n","protected":false},"excerpt":{"rendered":"<p>[vc_row][vc_column][vc_empty_space][vc_column_text] Emplacement [\/vc_column_text][vc_column_text][\/vc_column_text][\/vc_column][\/vc_row][vc_row padding_top=\u00a0\u00bb20&Prime;][vc_column width=\u00a0\u00bb1\/4&Prime; column_align=\u00a0\u00bb\u00a0\u00bb column_style=\u00a0\u00bb\u00a0\u00bb animation=\u00a0\u00bb\u00a0\u00bb][vc_column_text] Adresse: Hotel Paseo de Gracia Pg. de Gr\u00e0cia, 102 08008 Barcelona (0034) 932150603[\/vc_column_text][\/vc_column][vc_column width=\u00a0\u00bb3\/4&Prime; column_align=\u00a0\u00bb\u00a0\u00bb column_style=\u00a0\u00bb\u00a0\u00bb animation=\u00a0\u00bb\u00a0\u00bb][vc_column_text] Le point de partie id\u00e9al pour visiter Barcelone L\u2019H\u00f4tel Paseo de Gracia est id\u00e9alement situ\u00e9 dans la rue dont il emprunte le nom, une des plus \u00e9l\u00e9gantes de la ville. [&hellip;]<\/p>\n","protected":false},"author":1,"featured_media":0,"parent":0,"menu_order":0,"comment_status":"open","ping_status":"open","template":"","meta":[],"_links":{"self":[{"href":"https:\/\/www.hotelpaseodegracia.es\/fr\/wp-json\/wp\/v2\/pages\/3982"}],"collection":[{"href":"https:\/\/www.hotelpaseodegracia.es\/fr\/wp-json\/wp\/v2\/pages"}],"about":[{"href":"https:\/\/www.hotelpaseodegracia.es\/fr\/wp-json\/wp\/v2\/types\/page"}],"author":[{"embeddable":true,"href":"https:\/\/www.hotelpaseodegracia.es\/fr\/wp-json\/wp\/v2\/users\/1"}],"replies":[{"embeddable":true,"href":"https:\/\/www.hotelpaseodegracia.es\/fr\/wp-json\/wp\/v2\/comments?post=3982"}],"version-history":[{"count":5,"href":"https:\/\/www.hotelpaseodegracia.es\/fr\/wp-json\/wp\/v2\/pages\/3982\/revisions"}],"predecessor-version":[{"id":4770,"href":"https:\/\/www.hotelpaseodegracia.es\/fr\/wp-json\/wp\/v2\/pages\/3982\/revisions\/4770"}],"wp:attachment":[{"href":"https:\/\/www.hotelpaseodegracia.es\/fr\/wp-json\/wp\/v2\/media?parent=3982"}],"curies":[{"name":"wp","href":"https:\/\/api.w.org\/{rel}","templated":true}]}}