{"id":3979,"date":"2017-01-19T10:06:26","date_gmt":"2017-01-19T10:06:26","guid":{"rendered":"http:\/\/www.hotelpaseodegracia.es\/?page_id=3979"},"modified":"2022-10-06T11:32:27","modified_gmt":"2022-10-06T11:32:27","slug":"offres","status":"publish","type":"page","link":"https:\/\/www.hotelpaseodegracia.es\/fr\/offres\/","title":{"rendered":"Offres"},"content":{"rendered":"<p>[vc_row parallax=\u00a0\u00bb\u00a0\u00bb parallax_image=\u00a0\u00bb\u00a0\u00bb][vc_column column_align=\u00a0\u00bb\u00a0\u00bb column_style=\u00a0\u00bb\u00a0\u00bb animation=\u00a0\u00bb\u00a0\u00bb][vc_empty_space][vc_column_text]<\/p>\n<h1><strong>Offres<\/strong><\/h1>\n<p>[\/vc_column_text][vc_empty_space][vc_separator color=\u00a0\u00bbblack\u00a0\u00bb style=\u00a0\u00bbdotted\u00a0\u00bb][vc_empty_space][\/vc_column][\/vc_row][vc_row][vc_column width=\u00a0\u00bb1\/3&Prime;][vc_single_image image=\u00a0\u00bb7443&Prime; img_size=\u00a0\u00bb175&#215;120&Prime; alignment=\u00a0\u00bbcenter\u00a0\u00bb css=\u00a0\u00bb.vc_custom_1665055674009{margin-right: 10px !important;margin-bottom: 10px !important;margin-left: 10px !important;}\u00a0\u00bb][vc_empty_space height=\u00a0\u00bb10px\u00a0\u00bb][vc_column_text]<\/p>\n<h2 style=\"text-align: center;\"><span class=\"VIiyi\" lang=\"fr\"><span class=\"JLqJ4b ChMk0b\" data-language-for-alternatives=\"fr\" data-language-to-translate-into=\"es\" data-phrase-index=\"0\" data-number-of-phrases=\"1\"><span class=\"Q4iAWc\">R\u00e9servation \u00e0 l&rsquo;avance<\/span><\/span><\/span> Early Bird<\/h2>\n<p>[\/vc_column_text][vc_empty_space height=\u00a0\u00bb15px\u00a0\u00bb][vc_column_text]<\/p>\n<h4 style=\"text-align: center;\"><span class=\"VIiyi\" lang=\"fr\"><span class=\"JLqJ4b ChMk0b\" data-language-for-alternatives=\"fr\" data-language-to-translate-into=\"es\" data-phrase-index=\"0\" data-number-of-phrases=\"2\"><span class=\"Q4iAWc\">Anticiper a des avantages !<\/span><\/span> <span class=\"JLqJ4b ChMk0b\" data-language-for-alternatives=\"fr\" data-language-to-translate-into=\"es\" data-phrase-index=\"1\" data-number-of-phrases=\"2\"><span class=\"Q4iAWc\">R\u00e9servez au moins 30 jours \u00e0 l&rsquo;avance et vous b\u00e9n\u00e9ficierez d&rsquo;une remise de 5 %.<\/span><\/span><\/span><\/h4>\n<p style=\"text-align: center;\"><span class=\"VIiyi\" lang=\"fr\"><span class=\"JLqJ4b ChMk0b\" data-language-for-alternatives=\"fr\" data-language-to-translate-into=\"es\" data-phrase-index=\"0\" data-number-of-phrases=\"1\"><span class=\"Q4iAWc\">Pendant la pand\u00e9mie de Covid-19, ce tarif est annulable jusqu&rsquo;\u00e0 48 heures avant l&rsquo;arriv\u00e9e.<\/span><\/span><\/span><\/p>\n<p>[\/vc_column_text][\/vc_column][vc_column width=\u00a0\u00bb1\/3&Prime;][vc_single_image image=\u00a0\u00bb7458&Prime; img_size=\u00a0\u00bb175&#215;120&Prime; alignment=\u00a0\u00bbcenter\u00a0\u00bb css=\u00a0\u00bb.vc_custom_1665055640598{margin-right: 10px !important;margin-bottom: 10px !important;margin-left: 10px !important;}\u00a0\u00bb][vc_empty_space height=\u00a0\u00bb10px\u00a0\u00bb][vc_column_text]<\/p>\n<h2 style=\"text-align: center;\"><span class=\"VIiyi\" lang=\"fr\"><span class=\"JLqJ4b ChMk0b\" data-language-for-alternatives=\"fr\" data-language-to-translate-into=\"es\" data-phrase-index=\"0\" data-number-of-phrases=\"1\"><span class=\"Q4iAWc\">Remise pour les +60 ans<\/span><\/span><\/span><\/h2>\n<p>[\/vc_column_text][vc_empty_space height=\u00a0\u00bb15px\u00a0\u00bb][vc_column_text]<\/p>\n<h4 style=\"text-align: center;\"><span class=\"VIiyi\" lang=\"fr\"><span class=\"JLqJ4b ChMk0b\" data-language-for-alternatives=\"fr\" data-language-to-translate-into=\"es\" data-phrase-index=\"0\" data-number-of-phrases=\"1\"><span class=\"Q4iAWc\">Si vous avez d\u00e9j\u00e0 60 ans, profitez de cette offre qui combine 10% de r\u00e9duction avec la flexibilit\u00e9 de pouvoir annuler jusqu&rsquo;\u00e0 48h avant le jour de l&rsquo;arriv\u00e9e.*<\/span><\/span><\/span><\/h4>\n<p style=\"text-align: center;\"><span class=\"VIiyi\" lang=\"fr\"><span class=\"JLqJ4b ChMk0b\" data-language-for-alternatives=\"fr\" data-language-to-translate-into=\"es\" data-phrase-index=\"0\" data-number-of-phrases=\"1\"><span class=\"Q4iAWc\">Il est essentiel que le propri\u00e9taire de la r\u00e9servation soit la m\u00eame personne qui s\u00e9journera et qu&rsquo;elle soit \u00e2g\u00e9e de 60 ans ou plus.<\/span><\/span><\/span><\/p>\n<p style=\"text-align: center;\"><span class=\"VIiyi\" lang=\"fr\"><span class=\"JLqJ4b ChMk0b\" data-language-for-alternatives=\"fr\" data-language-to-translate-into=\"es\" data-phrase-index=\"0\" data-number-of-phrases=\"1\"><span class=\"Q4iAWc\">*Offre non cumulable avec d&rsquo;autres remises et\/ou promotions.<\/span><\/span><\/span><\/p>\n<p>[\/vc_column_text][\/vc_column][vc_column width=\u00a0\u00bb1\/3&Prime;][vc_single_image image=\u00a0\u00bb7466&Prime; img_size=\u00a0\u00bb175&#215;120&Prime; alignment=\u00a0\u00bbcenter\u00a0\u00bb css=\u00a0\u00bb.vc_custom_1665055611814{margin-right: 10px !important;margin-bottom: 10px !important;margin-left: 10px !important;}\u00a0\u00bb][vc_empty_space height=\u00a0\u00bb10px\u00a0\u00bb][vc_column_text]<\/p>\n<h2 style=\"text-align: center;\"><span class=\"VIiyi\" lang=\"fr\"><span class=\"JLqJ4b ChMk0b\" data-language-for-alternatives=\"fr\" data-language-to-translate-into=\"es\" data-phrase-index=\"0\" data-number-of-phrases=\"1\"><span class=\"Q4iAWc\">10% de r\u00e9duction &#8211; Tarif Non Remboursable<\/span><\/span><\/span><\/h2>\n<p>[\/vc_column_text][vc_empty_space height=\u00a0\u00bb15px\u00a0\u00bb][vc_column_text]<\/p>\n<h4 style=\"text-align: center;\"><span class=\"VIiyi\" lang=\"fr\"><span class=\"JLqJ4b ChMk0b\" data-language-for-alternatives=\"fr\" data-language-to-translate-into=\"es\" data-phrase-index=\"0\" data-number-of-phrases=\"1\"><span class=\"Q4iAWc\">B\u00e9n\u00e9ficiez d&rsquo;une remise de 10% en r\u00e9servant avec ce tarif !<\/span><\/span><\/span><\/h4>\n<p style=\"text-align: center;\"><span class=\"VIiyi\" lang=\"fr\"><span class=\"JLqJ4b ChMk0b\" data-language-for-alternatives=\"fr\" data-language-to-translate-into=\"es\" data-phrase-index=\"0\" data-number-of-phrases=\"2\"><span class=\"Q4iAWc\">Attention, cette RESERVATION N&rsquo;EST PAS REMBOURSABLE.<\/span><\/span> <span class=\"JLqJ4b ChMk0b\" data-language-for-alternatives=\"fr\" data-language-to-translate-into=\"es\" data-phrase-index=\"1\" data-number-of-phrases=\"2\"><span class=\"Q4iAWc\">Le montant sera d\u00e9bit\u00e9 au moment de la r\u00e9servation et ne sera pas restitu\u00e9 en cas d&rsquo;annulation ou de non-pr\u00e9sentation.<\/span><\/span><\/span><\/p>\n<p style=\"text-align: center;\"><span class=\"VIiyi\" lang=\"fr\"><span class=\"JLqJ4b ChMk0b\" data-language-for-alternatives=\"fr\" data-language-to-translate-into=\"es\" data-phrase-index=\"0\" data-number-of-phrases=\"1\"><span class=\"Q4iAWc\">*Offre non cumulable avec d&rsquo;autres remises et\/ou promotions.<\/span><\/span><\/span><\/p>\n<p>[\/vc_column_text][\/vc_column][\/vc_row][vc_row][vc_column][vc_empty_space height=\u00a0\u00bb25px\u00a0\u00bb][vc_btn title=\u00a0\u00bbR\u00e9servez avec des avantages! \u00a0\u00bb color=\u00a0\u00bbblack\u00a0\u00bb size=\u00a0\u00bblg\u00a0\u00bb align=\u00a0\u00bbcenter\u00a0\u00bb button_block=\u00a0\u00bbtrue\u00a0\u00bb link=\u00a0\u00bburl:https%3A%2F%2Freservations.verticalbooking.com%2Freservations%2Findex.html%3Flingua_int%3Dfra%26id_stile%3D13265%26id_albergo%3D17502%26dc%3D4515|target:_blank\u00a0\u00bb][\/vc_column][\/vc_row]<\/p>\n","protected":false},"excerpt":{"rendered":"<p>[vc_row parallax=\u00a0\u00bb\u00a0\u00bb parallax_image=\u00a0\u00bb\u00a0\u00bb][vc_column column_align=\u00a0\u00bb\u00a0\u00bb column_style=\u00a0\u00bb\u00a0\u00bb animation=\u00a0\u00bb\u00a0\u00bb][vc_empty_space][vc_column_text] Offres [\/vc_column_text][vc_empty_space][vc_separator color=\u00a0\u00bbblack\u00a0\u00bb style=\u00a0\u00bbdotted\u00a0\u00bb][vc_empty_space][\/vc_column][\/vc_row][vc_row][vc_column width=\u00a0\u00bb1\/3&Prime;][vc_single_image image=\u00a0\u00bb7443&Prime; img_size=\u00a0\u00bb175&#215;120&Prime; alignment=\u00a0\u00bbcenter\u00a0\u00bb css=\u00a0\u00bb.vc_custom_1665055674009{margin-right: 10px !important;margin-bottom: 10px !important;margin-left: 10px !important;}\u00a0\u00bb][vc_empty_space height=\u00a0\u00bb10px\u00a0\u00bb][vc_column_text] R\u00e9servation \u00e0 l&rsquo;avance Early Bird [\/vc_column_text][vc_empty_space height=\u00a0\u00bb15px\u00a0\u00bb][vc_column_text] Anticiper a des avantages ! R\u00e9servez au moins 30 jours \u00e0 l&rsquo;avance et vous b\u00e9n\u00e9ficierez d&rsquo;une remise de 5 %. Pendant la pand\u00e9mie de Covid-19, ce [&hellip;]<\/p>\n","protected":false},"author":1,"featured_media":0,"parent":0,"menu_order":0,"comment_status":"closed","ping_status":"closed","template":"","meta":[],"_links":{"self":[{"href":"https:\/\/www.hotelpaseodegracia.es\/fr\/wp-json\/wp\/v2\/pages\/3979"}],"collection":[{"href":"https:\/\/www.hotelpaseodegracia.es\/fr\/wp-json\/wp\/v2\/pages"}],"about":[{"href":"https:\/\/www.hotelpaseodegracia.es\/fr\/wp-json\/wp\/v2\/types\/page"}],"author":[{"embeddable":true,"href":"https:\/\/www.hotelpaseodegracia.es\/fr\/wp-json\/wp\/v2\/users\/1"}],"replies":[{"embeddable":true,"href":"https:\/\/www.hotelpaseodegracia.es\/fr\/wp-json\/wp\/v2\/comments?post=3979"}],"version-history":[{"count":14,"href":"https:\/\/www.hotelpaseodegracia.es\/fr\/wp-json\/wp\/v2\/pages\/3979\/revisions"}],"predecessor-version":[{"id":7638,"href":"https:\/\/www.hotelpaseodegracia.es\/fr\/wp-json\/wp\/v2\/pages\/3979\/revisions\/7638"}],"wp:attachment":[{"href":"https:\/\/www.hotelpaseodegracia.es\/fr\/wp-json\/wp\/v2\/media?parent=3979"}],"curies":[{"name":"wp","href":"https:\/\/api.w.org\/{rel}","templated":true}]}}