{"id":3978,"date":"2017-01-19T10:06:05","date_gmt":"2017-01-19T10:06:05","guid":{"rendered":"http:\/\/www.hotelpaseodegracia.es\/?page_id=3978"},"modified":"2025-04-24T12:31:29","modified_gmt":"2025-04-24T12:31:29","slug":"hotel-2","status":"publish","type":"page","link":"https:\/\/www.hotelpaseodegracia.es\/fr\/hotel-2\/","title":{"rendered":"H\u00f4tel"},"content":{"rendered":"<p>[vc_row parallax=\u00a0\u00bb\u00a0\u00bb parallax_image=\u00a0\u00bb\u00a0\u00bb][vc_column column_align=\u00a0\u00bb\u00a0\u00bb column_style=\u00a0\u00bb\u00a0\u00bb animation=\u00a0\u00bb\u00a0\u00bb][vc_empty_space][vc_column_text]<\/p>\n<h1>L&rsquo;h\u00f4tel<\/h1>\n<p>[\/vc_column_text][vc_empty_space height=\u00a0\u00bb15px\u00a0\u00bb][vc_row_inner][vc_column_inner width=\u00a0\u00bb1\/4&Prime;][vc_column_text]<\/p>\n<h2>La zone commune<\/h2>\n<p>L\u2019H\u00f4tel Paseo de Gracia met \u00e0 votre disposition une zone commune tr\u00e8s agr\u00e9able, avec des vues directes sur le Paseo de Gracia:<\/p>\n<ul>\n<li>Ordinateur public<\/li>\n<li>Zone de travail<\/li>\n<li>Distributeurs automatiques<\/li>\n<li>Ordinateur avec Internet<\/li>\n<li>Zone Wifi (dans tout l\u2019H\u00f4tel)<\/li>\n<li>Balcon<\/li>\n<\/ul>\n<p>[\/vc_column_text][\/vc_column_inner][vc_column_inner width=\u00a0\u00bb3\/4&Prime;][vc_masonry_media_grid element_width=\u00a0\u00bb6&Prime; grid_id=\u00a0\u00bbvc_gid:1745497672482-91eaa346-fa42-7&Prime; include=\u00a0\u00bb5592,5771,6161,5586&Prime;][\/vc_column_inner][\/vc_row_inner][\/vc_column][\/vc_row][vc_row][vc_column][vc_empty_space][vc_column_text css=\u00a0\u00bb.vc_custom_1745497720877{padding-top: 10px !important;padding-bottom: 10px !important;background-color: #000000 !important;}\u00a0\u00bb]<\/p>\n<h3 style=\"text-align: center;\"><span style=\"color: #ffffff;\">Le petit-d\u00e9jeuner buffet<\/span><\/h3>\n<p>[\/vc_column_text][vc_empty_space height=\u00a0\u00bb25px\u00a0\u00bb][vc_row_inner][vc_column_inner width=\u00a0\u00bb1\/2&Prime;][vc_empty_space height=\u00a0\u00bb12px\u00a0\u00bb][vc_images_carousel images=\u00a0\u00bb7683,7679,7675&Prime; img_size=\u00a0\u00bb1500&Prime; onclick=\u00a0\u00bblink_no\u00a0\u00bb autoplay=\u00a0\u00bbyes\u00a0\u00bb wrap=\u00a0\u00bbyes\u00a0\u00bb][vc_empty_space height=\u00a0\u00bb12px\u00a0\u00bb][vc_column_text]<strong>Servi au 2\u1d49 \u00e9tage, de 8h00 \u00e0 11h00<\/strong>[\/vc_column_text][\/vc_column_inner][vc_column_inner width=\u00a0\u00bb1\/2&Prime;][vc_empty_space height=\u00a0\u00bb12px\u00a0\u00bb][vc_column_text]<\/p>\n<p class=\"\" data-start=\"51\" data-end=\"165\"><strong>Nous proposons un petit-d\u00e9jeuner buffet de style continental, simple mais complet, pour bien commencer la journ\u00e9e.<\/strong><\/p>\n<ul>\n<li data-start=\"167\" data-end=\"361\">Jus de fruits<\/li>\n<li data-start=\"167\" data-end=\"361\">Th\u00e9 et caf\u00e9<\/li>\n<li data-start=\"167\" data-end=\"361\">Croissants et viennoiseries<\/li>\n<li data-start=\"167\" data-end=\"361\">Fromages et charcuterie<\/li>\n<li data-start=\"167\" data-end=\"361\">C\u00e9r\u00e9ales<\/li>\n<li data-start=\"167\" data-end=\"361\">\u0152ufs durs<\/li>\n<li data-start=\"167\" data-end=\"361\">Fruits frais \u00e9pluch\u00e9s<\/li>\n<li data-start=\"167\" data-end=\"361\">G\u00e2teaux<\/li>\n<li data-start=\"167\" data-end=\"361\">Yaourt<br data-start=\"316\" data-end=\"319\" \/>&#8230;Et bien plus encore ! Venez le d\u00e9couvrir !<\/li>\n<\/ul>\n<p class=\"\" data-start=\"363\" data-end=\"399\"><strong data-start=\"363\" data-end=\"373\">PRIX :<\/strong> 10,00 \u20ac par personne\/nuit<\/p>\n<p>[\/vc_column_text][\/vc_column_inner][\/vc_row_inner][vc_empty_space height=\u00a0\u00bb15px\u00a0\u00bb][\/vc_column][\/vc_row][vc_row parallax=\u00a0\u00bb\u00a0\u00bb parallax_image=\u00a0\u00bb\u00a0\u00bb][vc_column column_align=\u00a0\u00bb\u00a0\u00bb column_style=\u00a0\u00bb\u00a0\u00bb animation=\u00a0\u00bb\u00a0\u00bb][vc_empty_space][vc_column_text]<\/p>\n<h2>La r\u00e9ception<\/h2>\n<p>Notre personnel <span class=\"VIiyi\" lang=\"fr\"><span class=\"JLqJ4b ChMk0b\" data-language-for-alternatives=\"fr\" data-language-to-translate-into=\"es\" data-phrase-index=\"0\" data-number-of-phrases=\"1\"><span class=\"Q4iAWc\">de la r\u00e9ception vous accueillera<\/span><\/span><\/span>; ce sont des personnes bien form\u00e9es et multilingues, dispos\u00e9es \u00e0 vous servir en fonction de vos besoins.<br \/>\nArriv\u00e9e \u00e0 partir de 14h00.[\/vc_column_text][vc_empty_space height=\u00a0\u00bb25px\u00a0\u00bb][\/vc_column][\/vc_row][vc_row parallax=\u00a0\u00bb\u00a0\u00bb parallax_image=\u00a0\u00bb\u00a0\u00bb][vc_column width=\u00a0\u00bb1\/3&Prime; column_align=\u00a0\u00bb\u00a0\u00bb column_style=\u00a0\u00bb\u00a0\u00bb animation=\u00a0\u00bb\u00a0\u00bb][vc_single_image image=\u00a0\u00bb5568&Prime; img_size=\u00a0\u00bbfull\u00a0\u00bb][\/vc_column][vc_column width=\u00a0\u00bb1\/3&Prime; column_align=\u00a0\u00bb\u00a0\u00bb column_style=\u00a0\u00bb\u00a0\u00bb animation=\u00a0\u00bb\u00a0\u00bb][vc_single_image image=\u00a0\u00bb5571&Prime; img_size=\u00a0\u00bbfull\u00a0\u00bb][\/vc_column][vc_column width=\u00a0\u00bb1\/3&Prime; column_align=\u00a0\u00bb\u00a0\u00bb column_style=\u00a0\u00bb\u00a0\u00bb animation=\u00a0\u00bb\u00a0\u00bb][vc_single_image image=\u00a0\u00bb5574&Prime; img_size=\u00a0\u00bbfull\u00a0\u00bb][\/vc_column][\/vc_row][vc_row parallax=\u00a0\u00bb\u00a0\u00bb parallax_image=\u00a0\u00bb\u00a0\u00bb][vc_column column_align=\u00a0\u00bb\u00a0\u00bb column_style=\u00a0\u00bb\u00a0\u00bb animation=\u00a0\u00bb\u00a0\u00bb][vc_empty_space][vc_btn title=\u00a0\u00bbR\u00e9servez d\u00e8s maintenant et obtenez le premier petit-d\u00e9jeuner gratuit!\u00a0\u00bb style=\u00a0\u00bbclassic\u00a0\u00bb shape=\u00a0\u00bbsquare\u00a0\u00bb color=\u00a0\u00bbblack\u00a0\u00bb align=\u00a0\u00bbcenter\u00a0\u00bb link=\u00a0\u00bburl:https%3A%2F%2Freservations.verticalbooking.com%2Freservations%2Findex.html%3Flingua_int%3Dfra%26id_stile%3D13265%26id_albergo%3D17502%26dc%3D4515||target:%20_blank|\u00a0\u00bb][\/vc_column][\/vc_row]<\/p>\n","protected":false},"excerpt":{"rendered":"<p>[vc_row parallax=\u00a0\u00bb\u00a0\u00bb parallax_image=\u00a0\u00bb\u00a0\u00bb][vc_column column_align=\u00a0\u00bb\u00a0\u00bb column_style=\u00a0\u00bb\u00a0\u00bb animation=\u00a0\u00bb\u00a0\u00bb][vc_empty_space][vc_column_text] L&rsquo;h\u00f4tel [\/vc_column_text][vc_empty_space height=\u00a0\u00bb15px\u00a0\u00bb][vc_row_inner][vc_column_inner width=\u00a0\u00bb1\/4&Prime;][vc_column_text] La zone commune L\u2019H\u00f4tel Paseo de Gracia met \u00e0 votre disposition une zone commune tr\u00e8s agr\u00e9able, avec des vues directes sur le Paseo de Gracia: Ordinateur public Zone de travail Distributeurs automatiques Ordinateur avec Internet Zone Wifi (dans tout l\u2019H\u00f4tel) Balcon [\/vc_column_text][\/vc_column_inner][vc_column_inner width=\u00a0\u00bb3\/4&Prime;][vc_masonry_media_grid element_width=\u00a0\u00bb6&Prime; grid_id=\u00a0\u00bbvc_gid:1745497672482-91eaa346-fa42-7&Prime; [&hellip;]<\/p>\n","protected":false},"author":1,"featured_media":0,"parent":0,"menu_order":0,"comment_status":"closed","ping_status":"open","template":"","meta":[],"_links":{"self":[{"href":"https:\/\/www.hotelpaseodegracia.es\/fr\/wp-json\/wp\/v2\/pages\/3978"}],"collection":[{"href":"https:\/\/www.hotelpaseodegracia.es\/fr\/wp-json\/wp\/v2\/pages"}],"about":[{"href":"https:\/\/www.hotelpaseodegracia.es\/fr\/wp-json\/wp\/v2\/types\/page"}],"author":[{"embeddable":true,"href":"https:\/\/www.hotelpaseodegracia.es\/fr\/wp-json\/wp\/v2\/users\/1"}],"replies":[{"embeddable":true,"href":"https:\/\/www.hotelpaseodegracia.es\/fr\/wp-json\/wp\/v2\/comments?post=3978"}],"version-history":[{"count":19,"href":"https:\/\/www.hotelpaseodegracia.es\/fr\/wp-json\/wp\/v2\/pages\/3978\/revisions"}],"predecessor-version":[{"id":7854,"href":"https:\/\/www.hotelpaseodegracia.es\/fr\/wp-json\/wp\/v2\/pages\/3978\/revisions\/7854"}],"wp:attachment":[{"href":"https:\/\/www.hotelpaseodegracia.es\/fr\/wp-json\/wp\/v2\/media?parent=3978"}],"curies":[{"name":"wp","href":"https:\/\/api.w.org\/{rel}","templated":true}]}}