{"id":3974,"date":"2017-01-19T10:05:02","date_gmt":"2017-01-19T10:05:02","guid":{"rendered":"http:\/\/www.hotelpaseodegracia.es\/?page_id=3974"},"modified":"2018-07-05T10:10:24","modified_gmt":"2018-07-05T10:10:24","slug":"chambre-superieure","status":"publish","type":"page","link":"https:\/\/www.hotelpaseodegracia.es\/fr\/chambres\/chambre-superieure\/","title":{"rendered":"Chambre Sup\u00e9rieure"},"content":{"rendered":"<p>[vc_row][vc_column][vc_empty_space][\/vc_column][\/vc_row][vc_row parallax=\u00a0\u00bb\u00a0\u00bb parallax_image=\u00a0\u00bb\u00a0\u00bb][vc_column width=\u00a0\u00bb1\/2&Prime; column_align=\u00a0\u00bb\u00a0\u00bb column_style=\u00a0\u00bb\u00a0\u00bb animation=\u00a0\u00bb\u00a0\u00bb][vc_column_text css=\u00a0\u00bb.vc_custom_1484824003026{padding-bottom: 20px !important;}\u00a0\u00bb]<\/p>\n<h1>Chambre Sup\u00e9rieure<\/h1>\n<p>Nous avons r\u00e9cemment r\u00e9nov\u00e9 totalement certaines de nos chambres. Elles offrent le m\u00eame emplacement exceptionnel au centre de Barcelone, avec plus de confort et de design. Essayez-les![\/vc_column_text]<a target=\"_blank\" href=\"https:\/\/reservations.verticalbooking.com\/reservations\/index.html?lingua_int=fra&#038;id_stile=13265&#038;id_albergo=17502&#038;dc=4515\" class=\"ww-button sf-button medium black squarearrow  \"><span>R\u00e9servez maintenant votre chambre chic! <\/span><span class=\"arrow\"><\/span><\/a>[\/vc_column][vc_column width=\u00a0\u00bb1\/2&Prime; column_align=\u00a0\u00bb\u00a0\u00bb column_style=\u00a0\u00bb\u00a0\u00bb animation=\u00a0\u00bb\u00a0\u00bb][vc_column_text]<\/p>\n<h2>Services<\/h2>\n<ul>\n<li>Salle de bains compl\u00e8te priv\u00e9e<\/li>\n<li>Serviettes et draps inclus<\/li>\n<li>Packs produits de bains inclus<\/li>\n<li>Service de nettoyage journalier<\/li>\n<li>Chauffage et air conditionn\u00e9<\/li>\n<li>T\u00e9l\u00e9phone direct<\/li>\n<li>T\u00e9l\u00e9vision \u00e9cran plat<\/li>\n<\/ul>\n<p>[\/vc_column_text][\/vc_column][\/vc_row][vc_row padding_top=\u00a0\u00bb25&Prime;][vc_column][vc_text_separator title=\u00a0\u00bbPhotos des chambres\u00a0\u00bb color=\u00a0\u00bbblack\u00a0\u00bb el_class=\u00a0\u00bbh4&Prime;][vc_empty_space][\/vc_column][\/vc_row][vc_row type=\u00a0\u00bbww-custom\u00a0\u00bb background_color=\u00a0\u00bb#000000&Prime; padding_top=\u00a0\u00bb20&Prime; padding_bottom=\u00a0\u00bb20&Prime;][vc_column column_align=\u00a0\u00bb\u00a0\u00bb column_style=\u00a0\u00bb\u00a0\u00bb animation=\u00a0\u00bb\u00a0\u00bb css=\u00a0\u00bb.vc_custom_1484824512653{background-color: #000000 !important;}\u00a0\u00bb][vc_images_carousel images=\u00a0\u00bb3057,3058,3059,3062,3061,3060&Prime; img_size=\u00a0\u00bb1400&Prime; slides_per_view=\u00a0\u00bb3&Prime; hide_pagination_control=\u00a0\u00bbyes\u00a0\u00bb wrap=\u00a0\u00bbyes\u00a0\u00bb css=\u00a0\u00bb.vc_custom_1484824170346{background-color: #000000 !important;}\u00a0\u00bb][\/vc_column][\/vc_row][vc_row][vc_column][vc_empty_space][\/vc_column][\/vc_row]<\/p>\n","protected":false},"excerpt":{"rendered":"<p>[vc_row][vc_column][vc_empty_space][\/vc_column][\/vc_row][vc_row parallax=\u00a0\u00bb\u00a0\u00bb parallax_image=\u00a0\u00bb\u00a0\u00bb][vc_column width=\u00a0\u00bb1\/2&Prime; column_align=\u00a0\u00bb\u00a0\u00bb column_style=\u00a0\u00bb\u00a0\u00bb animation=\u00a0\u00bb\u00a0\u00bb][vc_column_text css=\u00a0\u00bb.vc_custom_1484824003026{padding-bottom: 20px !important;}\u00a0\u00bb] Chambre Sup\u00e9rieure Nous avons r\u00e9cemment r\u00e9nov\u00e9 totalement certaines de nos chambres. Elles offrent le m\u00eame emplacement exceptionnel au centre de Barcelone, avec plus de confort et de design. Essayez-les![\/vc_column_text][\/vc_column][vc_column width=\u00a0\u00bb1\/2&Prime; column_align=\u00a0\u00bb\u00a0\u00bb column_style=\u00a0\u00bb\u00a0\u00bb animation=\u00a0\u00bb\u00a0\u00bb][vc_column_text] Services Salle de bains compl\u00e8te priv\u00e9e Serviettes et draps inclus Packs produits [&hellip;]<\/p>\n","protected":false},"author":1,"featured_media":0,"parent":3967,"menu_order":0,"comment_status":"open","ping_status":"open","template":"","meta":[],"_links":{"self":[{"href":"https:\/\/www.hotelpaseodegracia.es\/fr\/wp-json\/wp\/v2\/pages\/3974"}],"collection":[{"href":"https:\/\/www.hotelpaseodegracia.es\/fr\/wp-json\/wp\/v2\/pages"}],"about":[{"href":"https:\/\/www.hotelpaseodegracia.es\/fr\/wp-json\/wp\/v2\/types\/page"}],"author":[{"embeddable":true,"href":"https:\/\/www.hotelpaseodegracia.es\/fr\/wp-json\/wp\/v2\/users\/1"}],"replies":[{"embeddable":true,"href":"https:\/\/www.hotelpaseodegracia.es\/fr\/wp-json\/wp\/v2\/comments?post=3974"}],"version-history":[{"count":9,"href":"https:\/\/www.hotelpaseodegracia.es\/fr\/wp-json\/wp\/v2\/pages\/3974\/revisions"}],"predecessor-version":[{"id":4696,"href":"https:\/\/www.hotelpaseodegracia.es\/fr\/wp-json\/wp\/v2\/pages\/3974\/revisions\/4696"}],"up":[{"embeddable":true,"href":"https:\/\/www.hotelpaseodegracia.es\/fr\/wp-json\/wp\/v2\/pages\/3967"}],"wp:attachment":[{"href":"https:\/\/www.hotelpaseodegracia.es\/fr\/wp-json\/wp\/v2\/media?parent=3974"}],"curies":[{"name":"wp","href":"https:\/\/api.w.org\/{rel}","templated":true}]}}