{"id":3973,"date":"2017-01-19T10:04:41","date_gmt":"2017-01-19T10:04:41","guid":{"rendered":"http:\/\/www.hotelpaseodegracia.es\/?page_id=3973"},"modified":"2019-09-05T11:53:44","modified_gmt":"2019-09-05T11:53:44","slug":"chambre-standard","status":"publish","type":"page","link":"https:\/\/www.hotelpaseodegracia.es\/fr\/chambres\/chambre-standard\/","title":{"rendered":"Chambre Standard"},"content":{"rendered":"<p>[vc_row][vc_column][vc_empty_space][\/vc_column][\/vc_row][vc_row margin_bottom_row=\u00a0\u00bb15&Prime; parallax=\u00a0\u00bb\u00a0\u00bb parallax_image=\u00a0\u00bb\u00a0\u00bb][vc_column width=\u00a0\u00bb1\/2&Prime; column_align=\u00a0\u00bb\u00a0\u00bb column_style=\u00a0\u00bb\u00a0\u00bb animation=\u00a0\u00bb\u00a0\u00bb][vc_column_text css=\u00a0\u00bb.vc_custom_1484823532031{margin-bottom: 10px !important;padding-bottom: 10px !important;}\u00a0\u00bb]<\/p>\n<h2>Chambre Standard<\/h2>\n<p>Las chambres standard de l\u2019H\u00f4tel Paseo de Gracia sont des chambres simples qui permettent un s\u00e9jour confortable au centre de Barcelone, pour un prix ajust\u00e9. Si ce que vous d\u00e9sirez c\u2019est vous loger en plein centre, dans la zone la plus chic de Barcelone, et ne pas d\u00e9penser votre salaire en luxes inutiles, cette chambre est la v\u00f4tre ![\/vc_column_text]<a target=\"_blank\" href=\"https:\/\/reservations.verticalbooking.com\/reservations\/index.html?lingua_int=fra&#038;id_stile=13265&#038;id_albergo=17502&#038;dc=4515\" class=\"ww-button sf-button medium black squarearrow  \"><span>R\u00e9servez maintenant \u00e0 partir de 30,00 EUR*!<\/span><span class=\"arrow\"><\/span><\/a>[vc_column_text css=\u00a0\u00bb.vc_custom_1484823579438{margin-top: 0px !important;margin-bottom: 0px !important;padding-bottom: 0px !important;}\u00a0\u00bb]<\/p>\n<p style=\"font-size: 8px;\">*Prix par personne dans chambre double<\/p>\n<p>[\/vc_column_text][\/vc_column][vc_column width=\u00a0\u00bb1\/2&Prime; column_align=\u00a0\u00bb\u00a0\u00bb column_style=\u00a0\u00bb\u00a0\u00bb animation=\u00a0\u00bb\u00a0\u00bb][vc_column_text]<\/p>\n<h2>Services<\/h2>\n<ul>\n<li>Salle de bains compl\u00e8te priv\u00e9e<\/li>\n<li>Serviettes et draps inclus<\/li>\n<li>Packs produits de bains inclus<\/li>\n<li>Service de nettoyage journalier<\/li>\n<li>Chauffage et air conditionn\u00e9<\/li>\n<li>T\u00e9l\u00e9phone direct<\/li>\n<li>T\u00e9l\u00e9vision \u00e9cran plat<\/li>\n<\/ul>\n<p>[\/vc_column_text][\/vc_column][\/vc_row][vc_row parallax=\u00a0\u00bb\u00a0\u00bb parallax_image=\u00a0\u00bb\u00a0\u00bb][vc_column column_align=\u00a0\u00bb\u00a0\u00bb column_style=\u00a0\u00bb\u00a0\u00bb animation=\u00a0\u00bb\u00a0\u00bb][vc_text_separator title=\u00a0\u00bbPhotos des chambres\u00a0\u00bb color=\u00a0\u00bbblack\u00a0\u00bb el_class=\u00a0\u00bbh4&Prime;][vc_empty_space][\/vc_column][\/vc_row][vc_row type=\u00a0\u00bbww-custom\u00a0\u00bb background_color=\u00a0\u00bb#000000&Prime; padding_top=\u00a0\u00bb20&Prime; padding_bottom=\u00a0\u00bb20&Prime; parallax=\u00a0\u00bb\u00a0\u00bb parallax_image=\u00a0\u00bb\u00a0\u00bb][vc_column column_align=\u00a0\u00bb\u00a0\u00bb column_style=\u00a0\u00bb\u00a0\u00bb animation=\u00a0\u00bb\u00a0\u00bb css=\u00a0\u00bb.vc_custom_1484823650127{background-color: #000000 !important;}\u00a0\u00bb][vc_images_carousel images=\u00a0\u00bb6704,6719,6707,6710,6713,6716,6737,6692,6689,6695,6701&Prime; img_size=\u00a0\u00bb1400&Prime; slides_per_view=\u00a0\u00bb3&Prime; hide_pagination_control=\u00a0\u00bbyes\u00a0\u00bb wrap=\u00a0\u00bbyes\u00a0\u00bb][\/vc_column][\/vc_row][vc_row parallax=\u00a0\u00bb\u00a0\u00bb parallax_image=\u00a0\u00bb\u00a0\u00bb][vc_column column_align=\u00a0\u00bb\u00a0\u00bb column_style=\u00a0\u00bb\u00a0\u00bb animation=\u00a0\u00bb\u00a0\u00bb][vc_empty_space height=\u00a0\u00bb20px\u00a0\u00bb][\/vc_column][\/vc_row]<\/p>\n","protected":false},"excerpt":{"rendered":"<p>[vc_row][vc_column][vc_empty_space][\/vc_column][\/vc_row][vc_row margin_bottom_row=\u00a0\u00bb15&Prime; parallax=\u00a0\u00bb\u00a0\u00bb parallax_image=\u00a0\u00bb\u00a0\u00bb][vc_column width=\u00a0\u00bb1\/2&Prime; column_align=\u00a0\u00bb\u00a0\u00bb column_style=\u00a0\u00bb\u00a0\u00bb animation=\u00a0\u00bb\u00a0\u00bb][vc_column_text css=\u00a0\u00bb.vc_custom_1484823532031{margin-bottom: 10px !important;padding-bottom: 10px !important;}\u00a0\u00bb] Chambre Standard Las chambres standard de l\u2019H\u00f4tel Paseo de Gracia sont des chambres simples qui permettent un s\u00e9jour confortable au centre de Barcelone, pour un prix ajust\u00e9. Si ce que vous d\u00e9sirez c\u2019est vous loger en plein centre, dans la zone la [&hellip;]<\/p>\n","protected":false},"author":1,"featured_media":0,"parent":3967,"menu_order":0,"comment_status":"open","ping_status":"open","template":"","meta":[],"_links":{"self":[{"href":"https:\/\/www.hotelpaseodegracia.es\/fr\/wp-json\/wp\/v2\/pages\/3973"}],"collection":[{"href":"https:\/\/www.hotelpaseodegracia.es\/fr\/wp-json\/wp\/v2\/pages"}],"about":[{"href":"https:\/\/www.hotelpaseodegracia.es\/fr\/wp-json\/wp\/v2\/types\/page"}],"author":[{"embeddable":true,"href":"https:\/\/www.hotelpaseodegracia.es\/fr\/wp-json\/wp\/v2\/users\/1"}],"replies":[{"embeddable":true,"href":"https:\/\/www.hotelpaseodegracia.es\/fr\/wp-json\/wp\/v2\/comments?post=3973"}],"version-history":[{"count":8,"href":"https:\/\/www.hotelpaseodegracia.es\/fr\/wp-json\/wp\/v2\/pages\/3973\/revisions"}],"predecessor-version":[{"id":6911,"href":"https:\/\/www.hotelpaseodegracia.es\/fr\/wp-json\/wp\/v2\/pages\/3973\/revisions\/6911"}],"up":[{"embeddable":true,"href":"https:\/\/www.hotelpaseodegracia.es\/fr\/wp-json\/wp\/v2\/pages\/3967"}],"wp:attachment":[{"href":"https:\/\/www.hotelpaseodegracia.es\/fr\/wp-json\/wp\/v2\/media?parent=3973"}],"curies":[{"name":"wp","href":"https:\/\/api.w.org\/{rel}","templated":true}]}}