{"id":3968,"date":"2017-01-19T10:03:17","date_gmt":"2017-01-19T10:03:17","guid":{"rendered":"http:\/\/www.hotelpaseodegracia.es\/?page_id=3968"},"modified":"2019-09-09T11:45:29","modified_gmt":"2019-09-09T11:45:29","slug":"chambre-familiale","status":"publish","type":"page","link":"https:\/\/www.hotelpaseodegracia.es\/fr\/chambres\/chambre-familiale\/","title":{"rendered":"Chambre Familiale"},"content":{"rendered":"<p>[vc_row][vc_column][vc_empty_space][\/vc_column][\/vc_row][vc_row parallax=\u00a0\u00bb\u00a0\u00bb parallax_image=\u00a0\u00bb\u00a0\u00bb][vc_column width=\u00a0\u00bb1\/2&Prime; column_align=\u00a0\u00bb\u00a0\u00bb column_style=\u00a0\u00bb\u00a0\u00bb animation=\u00a0\u00bb\u00a0\u00bb][vc_column_text css=\u00a0\u00bb.vc_custom_1484824764331{padding-bottom: 20px !important;}\u00a0\u00bb]<\/p>\n<h1><strong>Chambre Familiale<\/strong><\/h1>\n<p>Nous avons de grandes chambres qui peuvent loger au maximum 4 personnes. Elles sont id\u00e9ales pour les personnes qui voyagent en famille car, il faut le dire, Barcelone est une ville id\u00e9ale pour y venir en famille\u00a0; celle-ci est donc votre chambre familiale.[\/vc_column_text]<a target=\"_blank\" href=\"https:\/\/reservations.verticalbooking.com\/reservations\/index.html?lingua_int=fra&#038;id_stile=13265&#038;id_albergo=17502&#038;dc=4515\" class=\"ww-button sf-button medium black squarearrow  \"><span>R\u00e9servez maintenant votre chambre familiale!<\/span><span class=\"arrow\"><\/span><\/a>[\/vc_column][vc_column width=\u00a0\u00bb1\/2&Prime; column_align=\u00a0\u00bb\u00a0\u00bb column_style=\u00a0\u00bb\u00a0\u00bb animation=\u00a0\u00bb\u00a0\u00bb][vc_column_text]<\/p>\n<h2>Services<\/h2>\n<ul>\n<li>Salle de bains compl\u00e8te priv\u00e9e<\/li>\n<li>Serviettes et draps inclus<\/li>\n<li>Packs produits de bains inclus<\/li>\n<li>Service de nettoyage journalier<\/li>\n<li>Chauffage et air conditionn\u00e9<\/li>\n<li>T\u00e9l\u00e9phone direct<\/li>\n<li>T\u00e9l\u00e9vision \u00e9cran plat<\/li>\n<li>Capacit\u00e9 maximale 4 personnes<\/li>\n<\/ul>\n<p>[\/vc_column_text][\/vc_column][\/vc_row][vc_row padding_top=\u00a0\u00bb30&Prime;][vc_column column_align=\u00a0\u00bb\u00a0\u00bb column_style=\u00a0\u00bb\u00a0\u00bb animation=\u00a0\u00bb\u00a0\u00bb][vc_text_separator title=\u00a0\u00bbPhotos des chambres\u00a0\u00bb color=\u00a0\u00bbblack\u00a0\u00bb el_class=\u00a0\u00bbh4&Prime;][vc_empty_space height=\u00a0\u00bb25px\u00a0\u00bb][\/vc_column][\/vc_row][vc_row type=\u00a0\u00bbww-custom\u00a0\u00bb background_color=\u00a0\u00bb#000000&Prime; padding_top=\u00a0\u00bb20&Prime; padding_bottom=\u00a0\u00bb20&Prime;][vc_column column_align=\u00a0\u00bb\u00a0\u00bb column_style=\u00a0\u00bb\u00a0\u00bb animation=\u00a0\u00bb\u00a0\u00bb][vc_images_carousel images=\u00a0\u00bb6614,6596,6599,6602,6605,6608,6611,6903&Prime; img_size=\u00a0\u00bb1400&Prime; slides_per_view=\u00a0\u00bb3&Prime; hide_pagination_control=\u00a0\u00bbyes\u00a0\u00bb wrap=\u00a0\u00bbyes\u00a0\u00bb][\/vc_column][\/vc_row][vc_row][vc_column][vc_empty_space][\/vc_column][\/vc_row]<\/p>\n","protected":false},"excerpt":{"rendered":"<p>[vc_row][vc_column][vc_empty_space][\/vc_column][\/vc_row][vc_row parallax=\u00a0\u00bb\u00a0\u00bb parallax_image=\u00a0\u00bb\u00a0\u00bb][vc_column width=\u00a0\u00bb1\/2&Prime; column_align=\u00a0\u00bb\u00a0\u00bb column_style=\u00a0\u00bb\u00a0\u00bb animation=\u00a0\u00bb\u00a0\u00bb][vc_column_text css=\u00a0\u00bb.vc_custom_1484824764331{padding-bottom: 20px !important;}\u00a0\u00bb] Chambre Familiale Nous avons de grandes chambres qui peuvent loger au maximum 4 personnes. Elles sont id\u00e9ales pour les personnes qui voyagent en famille car, il faut le dire, Barcelone est une ville id\u00e9ale pour y venir en famille\u00a0; celle-ci est donc votre chambre familiale.[\/vc_column_text][\/vc_column][vc_column [&hellip;]<\/p>\n","protected":false},"author":1,"featured_media":0,"parent":3967,"menu_order":0,"comment_status":"closed","ping_status":"open","template":"","meta":[],"_links":{"self":[{"href":"https:\/\/www.hotelpaseodegracia.es\/fr\/wp-json\/wp\/v2\/pages\/3968"}],"collection":[{"href":"https:\/\/www.hotelpaseodegracia.es\/fr\/wp-json\/wp\/v2\/pages"}],"about":[{"href":"https:\/\/www.hotelpaseodegracia.es\/fr\/wp-json\/wp\/v2\/types\/page"}],"author":[{"embeddable":true,"href":"https:\/\/www.hotelpaseodegracia.es\/fr\/wp-json\/wp\/v2\/users\/1"}],"replies":[{"embeddable":true,"href":"https:\/\/www.hotelpaseodegracia.es\/fr\/wp-json\/wp\/v2\/comments?post=3968"}],"version-history":[{"count":6,"href":"https:\/\/www.hotelpaseodegracia.es\/fr\/wp-json\/wp\/v2\/pages\/3968\/revisions"}],"predecessor-version":[{"id":6939,"href":"https:\/\/www.hotelpaseodegracia.es\/fr\/wp-json\/wp\/v2\/pages\/3968\/revisions\/6939"}],"up":[{"embeddable":true,"href":"https:\/\/www.hotelpaseodegracia.es\/fr\/wp-json\/wp\/v2\/pages\/3967"}],"wp:attachment":[{"href":"https:\/\/www.hotelpaseodegracia.es\/fr\/wp-json\/wp\/v2\/media?parent=3968"}],"curies":[{"name":"wp","href":"https:\/\/api.w.org\/{rel}","templated":true}]}}