{"id":3967,"date":"2017-01-19T10:03:03","date_gmt":"2017-01-19T10:03:03","guid":{"rendered":"http:\/\/www.hotelpaseodegracia.es\/?page_id=3967"},"modified":"2022-06-21T10:23:42","modified_gmt":"2022-06-21T10:23:42","slug":"chambres","status":"publish","type":"page","link":"https:\/\/www.hotelpaseodegracia.es\/fr\/chambres\/","title":{"rendered":"Chambres"},"content":{"rendered":"<p>[vc_row][vc_column][vc_empty_space][\/vc_column][\/vc_row][vc_row parallax=\u00a0\u00bb\u00a0\u00bb parallax_image=\u00a0\u00bb\u00a0\u00bb][vc_column width=\u00a0\u00bb1\/3&Prime; column_align=\u00a0\u00bb\u00a0\u00bb column_style=\u00a0\u00bb\u00a0\u00bb animation=\u00a0\u00bb\u00a0\u00bb][vc_column_text]<\/p>\n<h1>Les Chambres<\/h1>\n<blockquote><p><strong><span class=\"VIiyi\" lang=\"fr\"><span class=\"JLqJ4b ChMk0b\" data-language-for-alternatives=\"fr\" data-language-to-translate-into=\"en\" data-phrase-index=\"0\" data-number-of-phrases=\"1\"><span class=\"Q4iAWc\">Dormez dans la zone chic, en plein centre de Barcelone<\/span><\/span><\/span><\/strong><span style=\"font-size: 14px; color: black;\"><strong><br \/>\n<\/strong><\/span><\/p><\/blockquote>\n<p>Les chambres de l\u2019H\u00f4tel Paseo de Gracia vous offrent tout ce qui est n\u00e9cessaire pour un s\u00e9jour confortable et elles vous serviront, sans doute, de point de partie id\u00e9al pour visiter Barcelone.<\/p>\n<ul>\n<li>Salle de bains compl\u00e8te priv\u00e9e<\/li>\n<li>Serviettes et draps inclus<\/li>\n<li>Packs produits de bains inclus<\/li>\n<li>Service de nettoyage journalier<\/li>\n<li>Chauffage et air conditionn\u00e9<\/li>\n<li>T\u00e9l\u00e9phone direct<\/li>\n<li>T\u00e9l\u00e9vision \u00e9cran plat<\/li>\n<li>Chambres familiales pour 4 personnes et chambres communicantes<\/li>\n<li>Chambres pour groupes<\/li>\n<\/ul>\n<p>[\/vc_column_text][vc_empty_space height=\u00a0\u00bb20px\u00a0\u00bb]<a target=\"_blank\" href=\"https:\/\/reservations.verticalbooking.com\/reservations\/index.html?lingua_int=fra&#038;id_stile=13265&#038;id_albergo=17502&#038;dc=4515\" class=\"ww-button sf-button medium black squarearrow  \"><span>R\u00e9servez maintenant!<\/span><span class=\"arrow\"><\/span><\/a>[\/vc_column][vc_column width=\u00a0\u00bb1\/3&Prime; column_align=\u00a0\u00bb\u00a0\u00bb column_style=\u00a0\u00bb\u00a0\u00bb animation=\u00a0\u00bb\u00a0\u00bb css=\u00a0\u00bb.vc_custom_1484822922885{background-color: #000000 !important;}\u00a0\u00bb]    <div class=\"ww-icon-heading center\">\n                <div class=\"ww-content\">\n                            <i class=\" fa fa-bed\" style=\"color:#ffffff; font-size:25px;\"><\/i>\n                                        <h2 style=\"color:#ffffff;\">Chambre Standard<\/h2>\n                    <\/div>\n    <\/div>\n    [vc_single_image image=\u00a0\u00bb6710&Prime; img_size=\u00a0\u00bblarge\u00a0\u00bb alignment=\u00a0\u00bbcenter\u00a0\u00bb onclick=\u00a0\u00bbcustom_link\u00a0\u00bb css_animation=\u00a0\u00bbtop-to-bottom\u00a0\u00bb link=\u00a0\u00bbhttps:\/\/www.hotelpaseodegracia.es\/fr\/chambres\/chambre-standard\/\u00a0\u00bb css=\u00a0\u00bb.vc_custom_1567684034398{margin-bottom: 10px !important;padding-bottom: 10px !important;}\u00a0\u00bb][vc_column_text el_class=\u00a0\u00bbmoreinfo\u00a0\u00bb]<\/p>\n<h3 style=\"text-align: center;\"><span style=\"color: #ffffff;\"><a style=\"color: #ffffff;\" href=\"https:\/\/www.hotelpaseodegracia.es\/fr\/chambres\/chambre-standard\/\">+ info<\/a><\/span><\/h3>\n<p>[\/vc_column_text][vc_empty_space][vc_separator color=\u00a0\u00bbwhite\u00a0\u00bb][vc_empty_space height=\u00a0\u00bb20px\u00a0\u00bb]    <div class=\"ww-icon-heading center\">\n                <div class=\"ww-content\">\n                            <i class=\" fa fa-bed\" style=\"color:#ffffff; font-size:25px;\"><\/i>\n                                        <h2 style=\"color:#ffffff;\">Chambre Familiale<\/h2>\n                    <\/div>\n    <\/div>\n    [vc_single_image image=\u00a0\u00bb6903&Prime; img_size=\u00a0\u00bblarge\u00a0\u00bb alignment=\u00a0\u00bbcenter\u00a0\u00bb onclick=\u00a0\u00bbcustom_link\u00a0\u00bb css_animation=\u00a0\u00bbtop-to-bottom\u00a0\u00bb link=\u00a0\u00bbhttps:\/\/www.hotelpaseodegracia.es\/fr\/chambres\/chambre-familiale\/\u00a0\u00bb css=\u00a0\u00bb.vc_custom_1567684049268{margin-bottom: 10px !important;padding-bottom: 10px !important;}\u00a0\u00bb][vc_column_text el_class=\u00a0\u00bbmoreinfo\u00a0\u00bb]<\/p>\n<h3 style=\"text-align: center;\"><a href=\"https:\/\/www.hotelpaseodegracia.es\/fr\/chambres\/chambre-familiale\/\"><span style=\"color: #ffffff;\">+ info<\/span><\/a><\/h3>\n<p>[\/vc_column_text][vc_empty_space][\/vc_column][vc_column width=\u00a0\u00bb1\/3&Prime; column_align=\u00a0\u00bb\u00a0\u00bb column_style=\u00a0\u00bb\u00a0\u00bb animation=\u00a0\u00bb\u00a0\u00bb css=\u00a0\u00bb.vc_custom_1484822939000{background-color: #000000 !important;}\u00a0\u00bb]    <div class=\"ww-icon-heading center\">\n                <div class=\"ww-content\">\n                            <i class=\" fa fa-bed\" style=\"color:#ffffff; font-size:25px;\"><\/i>\n                                        <h2 style=\"color:#ffffff;\">Chambre Sup\u00e9rieure<\/h2>\n                    <\/div>\n    <\/div>\n    [vc_single_image image=\u00a0\u00bb5628&Prime; img_size=\u00a0\u00bblarge\u00a0\u00bb alignment=\u00a0\u00bbcenter\u00a0\u00bb onclick=\u00a0\u00bbcustom_link\u00a0\u00bb css_animation=\u00a0\u00bbtop-to-bottom\u00a0\u00bb link=\u00a0\u00bbhttps:\/\/www.hotelpaseodegracia.es\/fr\/chambres\/chambre-superieure\/\u00a0\u00bb css=\u00a0\u00bb.vc_custom_1484822675871{margin-bottom: 10px !important;padding-bottom: 10px !important;}\u00a0\u00bb][vc_column_text el_class=\u00a0\u00bbmoreinfo\u00a0\u00bb]<\/p>\n<h3 style=\"text-align: center;\"><a href=\"https:\/\/www.hotelpaseodegracia.es\/fr\/chambres\/chambre-superieure\/\"><span style=\"color: #ffffff;\">+ info<\/span><\/a><\/h3>\n<p>[\/vc_column_text][vc_empty_space][vc_separator color=\u00a0\u00bbwhite\u00a0\u00bb][vc_empty_space height=\u00a0\u00bb20px\u00a0\u00bb][\/vc_column][\/vc_row][vc_row][vc_column][vc_empty_space][\/vc_column][\/vc_row]<\/p>\n","protected":false},"excerpt":{"rendered":"<p>[vc_row][vc_column][vc_empty_space][\/vc_column][\/vc_row][vc_row parallax=\u00a0\u00bb\u00a0\u00bb parallax_image=\u00a0\u00bb\u00a0\u00bb][vc_column width=\u00a0\u00bb1\/3&Prime; column_align=\u00a0\u00bb\u00a0\u00bb column_style=\u00a0\u00bb\u00a0\u00bb animation=\u00a0\u00bb\u00a0\u00bb][vc_column_text] Les Chambres Dormez dans la zone chic, en plein centre de Barcelone Les chambres de l\u2019H\u00f4tel Paseo de Gracia vous offrent tout ce qui est n\u00e9cessaire pour un s\u00e9jour confortable et elles vous serviront, sans doute, de point de partie id\u00e9al pour visiter Barcelone. Salle de bains compl\u00e8te [&hellip;]<\/p>\n","protected":false},"author":1,"featured_media":5529,"parent":0,"menu_order":0,"comment_status":"open","ping_status":"open","template":"","meta":[],"_links":{"self":[{"href":"https:\/\/www.hotelpaseodegracia.es\/fr\/wp-json\/wp\/v2\/pages\/3967"}],"collection":[{"href":"https:\/\/www.hotelpaseodegracia.es\/fr\/wp-json\/wp\/v2\/pages"}],"about":[{"href":"https:\/\/www.hotelpaseodegracia.es\/fr\/wp-json\/wp\/v2\/types\/page"}],"author":[{"embeddable":true,"href":"https:\/\/www.hotelpaseodegracia.es\/fr\/wp-json\/wp\/v2\/users\/1"}],"replies":[{"embeddable":true,"href":"https:\/\/www.hotelpaseodegracia.es\/fr\/wp-json\/wp\/v2\/comments?post=3967"}],"version-history":[{"count":19,"href":"https:\/\/www.hotelpaseodegracia.es\/fr\/wp-json\/wp\/v2\/pages\/3967\/revisions"}],"predecessor-version":[{"id":7538,"href":"https:\/\/www.hotelpaseodegracia.es\/fr\/wp-json\/wp\/v2\/pages\/3967\/revisions\/7538"}],"wp:featuredmedia":[{"embeddable":true,"href":"https:\/\/www.hotelpaseodegracia.es\/fr\/wp-json\/wp\/v2\/media\/5529"}],"wp:attachment":[{"href":"https:\/\/www.hotelpaseodegracia.es\/fr\/wp-json\/wp\/v2\/media?parent=3967"}],"curies":[{"name":"wp","href":"https:\/\/api.w.org\/{rel}","templated":true}]}}