{"id":3962,"date":"2017-01-19T10:01:43","date_gmt":"2017-01-19T10:01:43","guid":{"rendered":"http:\/\/www.hotelpaseodegracia.es\/?page_id=3962"},"modified":"2017-05-02T10:25:14","modified_gmt":"2017-05-02T10:25:14","slug":"philosophie","status":"publish","type":"page","link":"https:\/\/www.hotelpaseodegracia.es\/fr\/philosophie\/","title":{"rendered":"Philosophie"},"content":{"rendered":"<p>[vc_row][vc_column][vc_empty_space][vc_column_text]<\/p>\n<div id=\"article-229\" class=\"article page-article\">\n<h1>Philosophie<\/h1>\n<h2>Nos Valeurs et engagements \u2013 Qui nous sommes<\/h2>\n<ul>\n<li>Nous sommes un h\u00f4tel 1* avec tout ce qui est fondamental et n\u00e9cessaire pour jouir d\u2019un bon s\u00e9jour \u00e0 Barcelone.<\/li>\n<li>Nos services ne sont pas grandioses, car nous sommes un h\u00f4tel 1*, mais nos installations sont confortables et nous travaillons constamment pour les am\u00e9liorer.<\/li>\n<li>Nous sommes un petit H\u00f4tel familial et pour cela nous pouvons offrir un service personnalis\u00e9.<\/li>\n<li>Nous sommes plac\u00e9s dans une des meilleures zones de Barcelone, dans un immeuble de style classique de l\u2019Eixample et au c\u0153ur du Paseo de Gracia, la zona la plus chic de Barcelone.<\/li>\n<li>Depuis notre H\u00f4tel, vous pourrez aller \u00e0 pied \u00e0 pratiquement toutes les zones les plus int\u00e9ressantes de Barcelone. La Pedrera est \u00e0 1 minute, la Sagrada Familia \u00e0 15 minutes, et la Pla\u00e7a Catalunya ou les Ramblas \u00e0 18 minutes \u00e0 pied ou \u00e0 deux stations de m\u00e9tro.<\/li>\n<li>Le m\u00e9tro est le meilleur moyen pour se d\u00e9placer dans Barcelone et il se trouve juste devant l\u2019H\u00f4tel, de m\u00eame que le Bus Touristique.<\/li>\n<li>Beaucoup de nos chambres ont un balcon sur le Passeig de Gr\u00e0cia, certaines ont m\u00eame une terrasse, mais nous ne pouvons jamais le garantir concr\u00e8tement au moment de la r\u00e9servation.<\/li>\n<li>Dans un monde o\u00f9 l\u2019on ne peut plus vivre sans l\u2019Internet, nous offrons un WIFI gratuit et, en outre, nous mettons \u00e0 la disposition de nos clients un ordinateur avec une connexion gratuite. Nous ne percevons jamais rien pour ce service !<\/li>\n<li>Si vous avez besoin d\u2019un renseignement sur Barcelone, n\u2019h\u00e9sitez pas \u00e0 nous le demander ! Nous connaissons bien notre ville et ce qu\u2019elle peut offrir et nous vous donnerons aussi gratuitement des cartes de Barcelone.<\/li>\n<li>En outre, nous avons pr\u00e9par\u00e9 pour vous un guide avec ce que nous proposons pour jouir encore plus de notre jolie ville. Vous pouvez le t\u00e9l\u00e9charger en espagnol et en anglais. Il s\u2019agit d\u2019endroits que nous connaissons personnellement, et nous ne gagnons aucune commission pour les mentionner ; tout simplement ils nous plaisent et c\u2019est pour cela que nous vous les recommandons.<\/li>\n<li>Avec nos tarifs low cost, vous pourrez avoir une chambre avec salle de bains priv\u00e9e pour le prix d\u2019une pension. Comparez et vous verrez !<\/li>\n<li>Si vous cherchez un H\u00f4tel ayant du caract\u00e8re mais avec plus de services, vous pouvez visiter H\u00f4tel Actual, notre H\u00f4tel boutique 3* situ\u00e9 juste \u00e0 c\u00f4t\u00e9 de l\u2019H\u00f4tel Paseo de Gracia.<\/li>\n<\/ul>\n<\/div>\n<p>[\/vc_column_text][vc_empty_space][\/vc_column][\/vc_row]<\/p>\n","protected":false},"excerpt":{"rendered":"<p>[vc_row][vc_column][vc_empty_space][vc_column_text] Philosophie Nos Valeurs et engagements \u2013 Qui nous sommes Nous sommes un h\u00f4tel 1* avec tout ce qui est fondamental et n\u00e9cessaire pour jouir d\u2019un bon s\u00e9jour \u00e0 Barcelone. Nos services ne sont pas grandioses, car nous sommes un h\u00f4tel 1*, mais nos installations sont confortables et nous travaillons constamment pour les am\u00e9liorer. Nous [&hellip;]<\/p>\n","protected":false},"author":1,"featured_media":0,"parent":0,"menu_order":0,"comment_status":"open","ping_status":"open","template":"","meta":[],"_links":{"self":[{"href":"https:\/\/www.hotelpaseodegracia.es\/fr\/wp-json\/wp\/v2\/pages\/3962"}],"collection":[{"href":"https:\/\/www.hotelpaseodegracia.es\/fr\/wp-json\/wp\/v2\/pages"}],"about":[{"href":"https:\/\/www.hotelpaseodegracia.es\/fr\/wp-json\/wp\/v2\/types\/page"}],"author":[{"embeddable":true,"href":"https:\/\/www.hotelpaseodegracia.es\/fr\/wp-json\/wp\/v2\/users\/1"}],"replies":[{"embeddable":true,"href":"https:\/\/www.hotelpaseodegracia.es\/fr\/wp-json\/wp\/v2\/comments?post=3962"}],"version-history":[{"count":5,"href":"https:\/\/www.hotelpaseodegracia.es\/fr\/wp-json\/wp\/v2\/pages\/3962\/revisions"}],"predecessor-version":[{"id":4048,"href":"https:\/\/www.hotelpaseodegracia.es\/fr\/wp-json\/wp\/v2\/pages\/3962\/revisions\/4048"}],"wp:attachment":[{"href":"https:\/\/www.hotelpaseodegracia.es\/fr\/wp-json\/wp\/v2\/media?parent=3962"}],"curies":[{"name":"wp","href":"https:\/\/api.w.org\/{rel}","templated":true}]}}