{"id":3960,"date":"2017-01-19T10:01:16","date_gmt":"2017-01-19T10:01:16","guid":{"rendered":"http:\/\/www.hotelpaseodegracia.es\/?page_id=3960"},"modified":"2017-05-02T10:20:39","modified_gmt":"2017-05-02T10:20:39","slug":"barcelona-3","status":"publish","type":"page","link":"https:\/\/www.hotelpaseodegracia.es\/fr\/barcelona-3\/","title":{"rendered":"Barcelona"},"content":{"rendered":"<p>[vc_row parallax=\u00a0\u00bb\u00a0\u00bb parallax_image=\u00a0\u00bb\u00a0\u00bb][vc_column column_align=\u00a0\u00bb\u00a0\u00bb column_style=\u00a0\u00bb\u00a0\u00bb animation=\u00a0\u00bb\u00a0\u00bb][vc_empty_space height=\u00a0\u00bb10px\u00a0\u00bb][vc_column_text css=\u00a0\u00bb.vc_custom_1448622647670{padding-bottom: 15px !important;}\u00a0\u00bb]<\/p>\n<h1><strong>Que faire \u00e0 Barcelone ?<\/strong><\/h1>\n<p>Barcelone est une ville cosmopolite qui \u00e9volue constamment. Chaque jour, de nouvelles boutiques, restaurants, coins int\u00e9ressants apparaissent\u2026 Vous avez probablement votre guide de la ville, mais de toute fa\u00e7on, nous avons cr\u00e9\u00e9 cette section avec les endroits qui nous plaisent pour vous aider \u00e0 faire votre choix. Nous vous invitons \u00e9galement \u00e0 nous faire part des endroits que vous avez visit\u00e9s et que vous voulez recommander aux futurs touristes ! Il vous suffit de nous \u00e9crire \u00e0 <a href=\"mailto:info@hotelpaseodegracia.es\">info@hotelpaseodegracia.es<\/a>[\/vc_column_text][vc_separator color=\u00a0\u00bbblack\u00a0\u00bb][\/vc_column][\/vc_row][vc_row padding_top=\u00a0\u00bb25&Prime;][vc_column width=\u00a0\u00bb1\/4&Prime; column_align=\u00a0\u00bb\u00a0\u00bb column_style=\u00a0\u00bb\u00a0\u00bb animation=\u00a0\u00bb\u00a0\u00bb][vc_single_image image=\u00a0\u00bb3204&Prime; img_size=\u00a0\u00bbfull\u00a0\u00bb alignment=\u00a0\u00bbcenter\u00a0\u00bb onclick=\u00a0\u00bbcustom_link\u00a0\u00bb link=\u00a0\u00bbhttp:\/\/www.hotelpaseodegracia.es\/barcelona\/donde-comer\/\u00a0\u00bb][vc_column_text css=\u00a0\u00bb.vc_custom_1464683943799{padding-top: 15px !important;}\u00a0\u00bb]<\/p>\n<h2 style=\"text-align: center;\"><strong>O\u00f9 manger<\/strong><\/h2>\n<p>[\/vc_column_text][vc_empty_space height=\u00a0\u00bb30px\u00a0\u00bb][vc_single_image image=\u00a0\u00bb3210&Prime; img_size=\u00a0\u00bbfull\u00a0\u00bb alignment=\u00a0\u00bbcenter\u00a0\u00bb][vc_column_text css=\u00a0\u00bb.vc_custom_1448623833643{padding-top: 15px !important;}\u00a0\u00bb]<\/p>\n<h2 style=\"text-align: center;\"><strong>Tourisme<\/strong><\/h2>\n<p>[\/vc_column_text][\/vc_column][vc_column width=\u00a0\u00bb1\/4&Prime; column_align=\u00a0\u00bb\u00a0\u00bb column_style=\u00a0\u00bb\u00a0\u00bb animation=\u00a0\u00bb\u00a0\u00bb][vc_single_image image=\u00a0\u00bb3205&Prime; img_size=\u00a0\u00bbfull\u00a0\u00bb alignment=\u00a0\u00bbcenter\u00a0\u00bb onclick=\u00a0\u00bbcustom_link\u00a0\u00bb link=\u00a0\u00bbhttp:\/\/www.hotelpaseodegracia.es\/barcelona\/mercados\/\u00a0\u00bb][vc_column_text css=\u00a0\u00bb.vc_custom_1464687493759{padding-top: 15px !important;}\u00a0\u00bb]<\/p>\n<h2 style=\"text-align: center;\"><strong>March\u00e9s<\/strong><\/h2>\n<p>[\/vc_column_text][vc_empty_space height=\u00a0\u00bb30px\u00a0\u00bb][vc_single_image image=\u00a0\u00bb3214&Prime; img_size=\u00a0\u00bbfull\u00a0\u00bb alignment=\u00a0\u00bbcenter\u00a0\u00bb onclick=\u00a0\u00bbcustom_link\u00a0\u00bb link=\u00a0\u00bb http:\/\/www.hotelpaseodegracia.es\/barcelona\/de-compras\/\u00a0\u00bb][vc_column_text css=\u00a0\u00bb.vc_custom_1464689379390{padding-top: 15px !important;}\u00a0\u00bb]<\/p>\n<h2 style=\"text-align: center;\"><strong>Achats<\/strong><\/h2>\n<p>[\/vc_column_text][\/vc_column][vc_column width=\u00a0\u00bb1\/4&Prime; column_align=\u00a0\u00bb\u00a0\u00bb column_style=\u00a0\u00bb\u00a0\u00bb animation=\u00a0\u00bb\u00a0\u00bb][vc_single_image image=\u00a0\u00bb3206&Prime; img_size=\u00a0\u00bbfull\u00a0\u00bb alignment=\u00a0\u00bbcenter\u00a0\u00bb onclick=\u00a0\u00bbcustom_link\u00a0\u00bb link=\u00a0\u00bbhttp:\/\/www.hotelpaseodegracia.es\/barcelona\/teatros\/\u00a0\u00bb][vc_column_text css=\u00a0\u00bb.vc_custom_1464687882732{padding-top: 15px !important;}\u00a0\u00bb]<\/p>\n<h2 style=\"text-align: center;\"><strong>Th\u00e9\u00e2tres<\/strong><\/h2>\n<p>[\/vc_column_text][vc_empty_space height=\u00a0\u00bb30px\u00a0\u00bb][vc_single_image image=\u00a0\u00bb3215&Prime; img_size=\u00a0\u00bbfull\u00a0\u00bb alignment=\u00a0\u00bbcenter\u00a0\u00bb][vc_column_text css=\u00a0\u00bb.vc_custom_1448623859974{padding-top: 15px !important;}\u00a0\u00bb]<\/p>\n<h2 style=\"text-align: center;\"><strong>Avec des enfants<\/strong><\/h2>\n<p>[\/vc_column_text][\/vc_column][vc_column width=\u00a0\u00bb1\/4&Prime; column_align=\u00a0\u00bb\u00a0\u00bb column_style=\u00a0\u00bb\u00a0\u00bb animation=\u00a0\u00bb\u00a0\u00bb][vc_single_image image=\u00a0\u00bb3207&Prime; img_size=\u00a0\u00bbfull\u00a0\u00bb alignment=\u00a0\u00bbcenter\u00a0\u00bb onclick=\u00a0\u00bbcustom_link\u00a0\u00bb link=\u00a0\u00bbhttp:\/\/www.hotelpaseodegracia.es\/barcelona\/museos\/\u00a0\u00bb][vc_column_text css=\u00a0\u00bb.vc_custom_1464689931553{padding-top: 15px !important;}\u00a0\u00bb]<\/p>\n<h2 style=\"text-align: center;\"><strong>Mus\u00e9es<\/strong><\/h2>\n<p>[\/vc_column_text][vc_empty_space height=\u00a0\u00bb30px\u00a0\u00bb][vc_single_image image=\u00a0\u00bb3216&Prime; img_size=\u00a0\u00bbfull\u00a0\u00bb alignment=\u00a0\u00bbcenter\u00a0\u00bb][vc_column_text css=\u00a0\u00bb.vc_custom_1448623926682{padding-top: 15px !important;}\u00a0\u00bb]<\/p>\n<h2 style=\"text-align: center;\"><strong>Excursions<\/strong><\/h2>\n<p>[\/vc_column_text][\/vc_column][\/vc_row][vc_row parallax=\u00a0\u00bb\u00a0\u00bb parallax_image=\u00a0\u00bb\u00a0\u00bb][vc_column column_align=\u00a0\u00bb\u00a0\u00bb column_style=\u00a0\u00bb\u00a0\u00bb animation=\u00a0\u00bb\u00a0\u00bb][vc_empty_space height=\u00a0\u00bb20px\u00a0\u00bb][vc_separator color=\u00a0\u00bbblack\u00a0\u00bb][vc_empty_space height=\u00a0\u00bb20px\u00a0\u00bb][vc_btn title=\u00a0\u00bb\u00a1Desc\u00e1rgate nuestras sugerencias!\u00a0\u00bb color=\u00a0\u00bbblack\u00a0\u00bb align=\u00a0\u00bbcenter\u00a0\u00bb link=\u00a0\u00bburl:http%3A%2F%2Fwww.hotelactual.com%2Fsugerencias%2FSugerencias-Barcelona-byHActual.pdf||target:%20_blank|\u00a0\u00bb button_block=\u00a0\u00bbtrue\u00a0\u00bb][vc_empty_space height=\u00a0\u00bb20px\u00a0\u00bb][\/vc_column][\/vc_row]<\/p>\n","protected":false},"excerpt":{"rendered":"<p>[vc_row parallax=\u00a0\u00bb\u00a0\u00bb parallax_image=\u00a0\u00bb\u00a0\u00bb][vc_column column_align=\u00a0\u00bb\u00a0\u00bb column_style=\u00a0\u00bb\u00a0\u00bb animation=\u00a0\u00bb\u00a0\u00bb][vc_empty_space height=\u00a0\u00bb10px\u00a0\u00bb][vc_column_text css=\u00a0\u00bb.vc_custom_1448622647670{padding-bottom: 15px !important;}\u00a0\u00bb] Que faire \u00e0 Barcelone ? Barcelone est une ville cosmopolite qui \u00e9volue constamment. Chaque jour, de nouvelles boutiques, restaurants, coins int\u00e9ressants apparaissent\u2026 Vous avez probablement votre guide de la ville, mais de toute fa\u00e7on, nous avons cr\u00e9\u00e9 cette section avec les endroits qui nous plaisent [&hellip;]<\/p>\n","protected":false},"author":1,"featured_media":0,"parent":0,"menu_order":0,"comment_status":"closed","ping_status":"closed","template":"","meta":[],"_links":{"self":[{"href":"https:\/\/www.hotelpaseodegracia.es\/fr\/wp-json\/wp\/v2\/pages\/3960"}],"collection":[{"href":"https:\/\/www.hotelpaseodegracia.es\/fr\/wp-json\/wp\/v2\/pages"}],"about":[{"href":"https:\/\/www.hotelpaseodegracia.es\/fr\/wp-json\/wp\/v2\/types\/page"}],"author":[{"embeddable":true,"href":"https:\/\/www.hotelpaseodegracia.es\/fr\/wp-json\/wp\/v2\/users\/1"}],"replies":[{"embeddable":true,"href":"https:\/\/www.hotelpaseodegracia.es\/fr\/wp-json\/wp\/v2\/comments?post=3960"}],"version-history":[{"count":4,"href":"https:\/\/www.hotelpaseodegracia.es\/fr\/wp-json\/wp\/v2\/pages\/3960\/revisions"}],"predecessor-version":[{"id":4316,"href":"https:\/\/www.hotelpaseodegracia.es\/fr\/wp-json\/wp\/v2\/pages\/3960\/revisions\/4316"}],"wp:attachment":[{"href":"https:\/\/www.hotelpaseodegracia.es\/fr\/wp-json\/wp\/v2\/media?parent=3960"}],"curies":[{"name":"wp","href":"https:\/\/api.w.org\/{rel}","templated":true}]}}