{"id":3556,"date":"2016-06-27T12:37:44","date_gmt":"2016-06-27T12:37:44","guid":{"rendered":"http:\/\/www.hotelpaseodegracia.es\/?page_id=3556"},"modified":"2017-05-05T11:50:05","modified_gmt":"2017-05-05T11:50:05","slug":"barcelona-2","status":"publish","type":"page","link":"https:\/\/www.hotelpaseodegracia.es\/ca\/barcelona-2\/","title":{"rendered":"Barcelona"},"content":{"rendered":"<p>[vc_row parallax=&#8221;&#8221; parallax_image=&#8221;&#8221;][vc_column column_align=&#8221;&#8221; column_style=&#8221;&#8221; animation=&#8221;&#8221;][vc_column_text css=&#8221;.vc_custom_1493984550366{padding-bottom: 15px !important;}&#8221;]<\/p>\n<h1>Qu\u00e8 fer a Barcelona?<\/h1>\n<p><span id=\"result_box\" class=\"\" lang=\"ca\">Barcelona \u00e9s una ciutat cosmopolita i en constant evoluci\u00f3. Cada dia apareixen noves botigues<span class=\"\">, restaurants<\/span>, racons &#8230; Segur que ja tens la teva pr\u00f2pia guia, per\u00f2 per si de cas hem <span class=\"\">creat<\/span> <span class=\"\">aquesta<\/span> secci\u00f3 amb el que ens agrada a nosaltres per ajudar-vos en la vostra elecci\u00f3. <span class=\"\">Tamb\u00e9<\/span> us <span class=\"\">convidem a<\/span> enviar-nos aquells llocs que visiteu i vulgueu recomanar a futurs turistes! Nom\u00e9s <span class=\"\">heu de<\/span> <span class=\"\">escriure a<\/span><\/span> <a href=\"mailto:info@hotelpaseodegracia.es\">info@hotelpaseodegracia.es<\/a>[\/vc_column_text][vc_separator color=&#8221;black&#8221;][\/vc_column][\/vc_row][vc_row padding_top=&#8221;25&#8243;][vc_column width=&#8221;1\/4&#8243; column_align=&#8221;&#8221; column_style=&#8221;&#8221; animation=&#8221;&#8221;][vc_single_image image=&#8221;3204&#8243; img_size=&#8221;full&#8221; alignment=&#8221;center&#8221; onclick=&#8221;custom_link&#8221; link=&#8221;http:\/\/www.hotelpaseodegracia.es\/barcelona\/donde-comer\/&#8221;][vc_column_text css=&#8221;.vc_custom_1493984995096{padding-top: 15px !important;}&#8221;]<\/p>\n<h2 style=\"text-align: center;\"><strong>On menjar<\/strong><\/h2>\n<p>[\/vc_column_text][vc_empty_space height=&#8221;30px&#8221;][vc_single_image image=&#8221;3210&#8243; img_size=&#8221;full&#8221; alignment=&#8221;center&#8221;][vc_column_text css=&#8221;.vc_custom_1493984611015{padding-top: 15px !important;}&#8221;]<\/p>\n<h2 style=\"text-align: center;\"><strong>Turisme<\/strong><\/h2>\n<p>[\/vc_column_text][\/vc_column][vc_column width=&#8221;1\/4&#8243; column_align=&#8221;&#8221; column_style=&#8221;&#8221; animation=&#8221;&#8221;][vc_single_image image=&#8221;3205&#8243; img_size=&#8221;full&#8221; alignment=&#8221;center&#8221; onclick=&#8221;custom_link&#8221; link=&#8221;http:\/\/www.hotelpaseodegracia.es\/barcelona\/mercados\/&#8221;][vc_column_text css=&#8221;.vc_custom_1493984579563{padding-top: 15px !important;}&#8221;]<\/p>\n<h2 style=\"text-align: center;\"><strong>Mercats<\/strong><\/h2>\n<p>[\/vc_column_text][vc_empty_space height=&#8221;30px&#8221;][vc_single_image image=&#8221;3214&#8243; img_size=&#8221;full&#8221; alignment=&#8221;center&#8221; onclick=&#8221;custom_link&#8221; link=&#8221; http:\/\/www.hotelpaseodegracia.es\/barcelona\/de-compras\/&#8221;][vc_column_text css=&#8221;.vc_custom_1493984620571{padding-top: 15px !important;}&#8221;]<\/p>\n<h2 style=\"text-align: center;\"><strong>Compres<\/strong><\/h2>\n<p>[\/vc_column_text][\/vc_column][vc_column width=&#8221;1\/4&#8243; column_align=&#8221;&#8221; column_style=&#8221;&#8221; animation=&#8221;&#8221;][vc_single_image image=&#8221;3206&#8243; img_size=&#8221;full&#8221; alignment=&#8221;center&#8221; onclick=&#8221;custom_link&#8221; link=&#8221;http:\/\/www.hotelpaseodegracia.es\/barcelona\/teatros\/&#8221;][vc_column_text css=&#8221;.vc_custom_1493984590878{padding-top: 15px !important;}&#8221;]<\/p>\n<h2 style=\"text-align: center;\"><strong>Teatres<\/strong><\/h2>\n<p>[\/vc_column_text][vc_empty_space height=&#8221;30px&#8221;][vc_single_image image=&#8221;3215&#8243; img_size=&#8221;full&#8221; alignment=&#8221;center&#8221;][vc_column_text css=&#8221;.vc_custom_1493984629580{padding-top: 15px !important;}&#8221;]<\/p>\n<h2 style=\"text-align: center;\"><strong>Amb nens<br \/>\n<\/strong><\/h2>\n<p>[\/vc_column_text][\/vc_column][vc_column width=&#8221;1\/4&#8243; column_align=&#8221;&#8221; column_style=&#8221;&#8221; animation=&#8221;&#8221;][vc_single_image image=&#8221;3207&#8243; img_size=&#8221;full&#8221; alignment=&#8221;center&#8221; onclick=&#8221;custom_link&#8221; link=&#8221;http:\/\/www.hotelpaseodegracia.es\/barcelona\/museos\/&#8221;][vc_column_text css=&#8221;.vc_custom_1493984601449{padding-top: 15px !important;}&#8221;]<\/p>\n<h2 style=\"text-align: center;\"><strong>Museus<\/strong><\/h2>\n<p>[\/vc_column_text][vc_empty_space height=&#8221;30px&#8221;][vc_single_image image=&#8221;3216&#8243; img_size=&#8221;full&#8221; alignment=&#8221;center&#8221;][vc_column_text css=&#8221;.vc_custom_1493984641867{padding-top: 15px !important;}&#8221;]<\/p>\n<h2 style=\"text-align: center;\"><strong>Excursions<\/strong><\/h2>\n<p>[\/vc_column_text][\/vc_column][\/vc_row][vc_row parallax=&#8221;&#8221; parallax_image=&#8221;&#8221;][vc_column column_align=&#8221;&#8221; column_style=&#8221;&#8221; animation=&#8221;&#8221;][vc_empty_space][\/vc_column][\/vc_row]<\/p>\n","protected":false},"excerpt":{"rendered":"<p>[vc_row parallax=&#8221;&#8221; parallax_image=&#8221;&#8221;][vc_column column_align=&#8221;&#8221; column_style=&#8221;&#8221; animation=&#8221;&#8221;][vc_column_text css=&#8221;.vc_custom_1493984550366{padding-bottom: 15px !important;}&#8221;] Qu\u00e8 fer a Barcelona? Barcelona \u00e9s una ciutat cosmopolita i en constant evoluci\u00f3. Cada dia apareixen noves botigues, restaurants, racons &#8230; Segur que ja tens la teva pr\u00f2pia guia, per\u00f2 per si de cas hem creat aquesta secci\u00f3 amb el que ens agrada a nosaltres per [&hellip;]<\/p>\n","protected":false},"author":1,"featured_media":0,"parent":0,"menu_order":0,"comment_status":"closed","ping_status":"closed","template":"","meta":[],"_links":{"self":[{"href":"https:\/\/www.hotelpaseodegracia.es\/ca\/wp-json\/wp\/v2\/pages\/3556"}],"collection":[{"href":"https:\/\/www.hotelpaseodegracia.es\/ca\/wp-json\/wp\/v2\/pages"}],"about":[{"href":"https:\/\/www.hotelpaseodegracia.es\/ca\/wp-json\/wp\/v2\/types\/page"}],"author":[{"embeddable":true,"href":"https:\/\/www.hotelpaseodegracia.es\/ca\/wp-json\/wp\/v2\/users\/1"}],"replies":[{"embeddable":true,"href":"https:\/\/www.hotelpaseodegracia.es\/ca\/wp-json\/wp\/v2\/comments?post=3556"}],"version-history":[{"count":5,"href":"https:\/\/www.hotelpaseodegracia.es\/ca\/wp-json\/wp\/v2\/pages\/3556\/revisions"}],"predecessor-version":[{"id":4346,"href":"https:\/\/www.hotelpaseodegracia.es\/ca\/wp-json\/wp\/v2\/pages\/3556\/revisions\/4346"}],"wp:attachment":[{"href":"https:\/\/www.hotelpaseodegracia.es\/ca\/wp-json\/wp\/v2\/media?parent=3556"}],"curies":[{"name":"wp","href":"https:\/\/api.w.org\/{rel}","templated":true}]}}