{"id":3524,"date":"2016-06-27T12:32:32","date_gmt":"2016-06-27T12:32:32","guid":{"rendered":"http:\/\/www.hotelpaseodegracia.es\/?page_id=3524"},"modified":"2017-09-27T13:48:24","modified_gmt":"2017-09-27T13:48:24","slug":"habitacio-superior","status":"publish","type":"page","link":"https:\/\/www.hotelpaseodegracia.es\/ca\/habitacions\/habitacio-superior\/","title":{"rendered":"Habitaci\u00f3 Superior"},"content":{"rendered":"<p>[vc_row][vc_column][vc_empty_space][\/vc_column][\/vc_row][vc_row parallax=&#8221;&#8221; parallax_image=&#8221;&#8221;][vc_column width=&#8221;1\/2&#8243; column_align=&#8221;&#8221; column_style=&#8221;&#8221; animation=&#8221;&#8221;][vc_column_text css=&#8221;.vc_custom_1478613512369{padding-bottom: 20px !important;}&#8221;]<\/p>\n<h1>Habitaci\u00f3 Superior<\/h1>\n<p><span id=\"result_box\" class=\"\" lang=\"ca\"><span class=\"\">Recentment<\/span> hem renovat completament algunes de les nostres habitacions. <span class=\"\">Ofereixen la<\/span> <span class=\"\">mateixa<\/span> ubicaci\u00f3 excepcional al centre de Barcelona, per\u00f2 amb un plus de confort i disseny. Prova-les!<\/span>[\/vc_column_text]<a target=\"_blank\" href=\"https:\/\/reservations.verticalbooking.com\/reservations\/index.html?lingua_int=cat&#038;id_stile=13265&#038;id_albergo=17502&#038;dc=4515\" class=\"ww-button sf-button medium black squarearrow  \"><span>Reserva la teva habitaci\u00f3 m\u00e9s chic!<\/span><span class=\"arrow\"><\/span><\/a>[\/vc_column][vc_column width=&#8221;1\/2&#8243; column_align=&#8221;&#8221; column_style=&#8221;&#8221; animation=&#8221;&#8221;][vc_column_text]<\/p>\n<h2>Serveis<\/h2>\n<ul>\n<li>Bany complet privat i completament renovat<\/li>\n<li>Tovalloles i llen\u00e7ols inclosos<\/li>\n<li>Pack ammenities b\u00e0sic<\/li>\n<li>Servei de neteja diari<\/li>\n<li>Calefacci\u00f3 i aire condicionat<\/li>\n<li>Tel\u00e8fon directe<\/li>\n<li>Televisi\u00f3 de pantalla plana<\/li>\n<\/ul>\n<p>[\/vc_column_text][\/vc_column][\/vc_row][vc_row padding_top=&#8221;25&#8243;][vc_column][vc_empty_space height=&#8221;25px&#8221;][vc_text_separator title=&#8221;Imatges&#8221; color=&#8221;black&#8221; el_class=&#8221;h4&#8243;][vc_empty_space height=&#8221;15px&#8221;][\/vc_column][\/vc_row][vc_row type=&#8221;ww-custom&#8221; background_color=&#8221;#ffffff&#8221;][vc_column column_align=&#8221;&#8221; column_style=&#8221;&#8221; animation=&#8221;&#8221; css=&#8221;.vc_custom_1478614024650{background-color: #000000 !important;}&#8221;][vc_images_carousel images=&#8221;3057,3058,3059,3062,3061,3060&#8243; img_size=&#8221;1400&#8243; slides_per_view=&#8221;3&#8243; hide_pagination_control=&#8221;yes&#8221; wrap=&#8221;yes&#8221; css=&#8221;.vc_custom_1478614042298{margin-top: 10px !important;margin-bottom: 10px !important;padding-top: 10px !important;padding-bottom: 10px !important;}&#8221;][\/vc_column][\/vc_row][vc_row][vc_column][vc_empty_space][\/vc_column][\/vc_row]<\/p>\n","protected":false},"excerpt":{"rendered":"<p>[vc_row][vc_column][vc_empty_space][\/vc_column][\/vc_row][vc_row parallax=&#8221;&#8221; parallax_image=&#8221;&#8221;][vc_column width=&#8221;1\/2&#8243; column_align=&#8221;&#8221; column_style=&#8221;&#8221; animation=&#8221;&#8221;][vc_column_text css=&#8221;.vc_custom_1478613512369{padding-bottom: 20px !important;}&#8221;] Habitaci\u00f3 Superior Recentment hem renovat completament algunes de les nostres habitacions. Ofereixen la mateixa ubicaci\u00f3 excepcional al centre de Barcelona, per\u00f2 amb un plus de confort i disseny. Prova-les![\/vc_column_text][\/vc_column][vc_column width=&#8221;1\/2&#8243; column_align=&#8221;&#8221; column_style=&#8221;&#8221; animation=&#8221;&#8221;][vc_column_text] Serveis Bany complet privat i completament renovat Tovalloles i llen\u00e7ols inclosos Pack [&hellip;]<\/p>\n","protected":false},"author":1,"featured_media":0,"parent":3517,"menu_order":0,"comment_status":"open","ping_status":"open","template":"","meta":[],"_links":{"self":[{"href":"https:\/\/www.hotelpaseodegracia.es\/ca\/wp-json\/wp\/v2\/pages\/3524"}],"collection":[{"href":"https:\/\/www.hotelpaseodegracia.es\/ca\/wp-json\/wp\/v2\/pages"}],"about":[{"href":"https:\/\/www.hotelpaseodegracia.es\/ca\/wp-json\/wp\/v2\/types\/page"}],"author":[{"embeddable":true,"href":"https:\/\/www.hotelpaseodegracia.es\/ca\/wp-json\/wp\/v2\/users\/1"}],"replies":[{"embeddable":true,"href":"https:\/\/www.hotelpaseodegracia.es\/ca\/wp-json\/wp\/v2\/comments?post=3524"}],"version-history":[{"count":7,"href":"https:\/\/www.hotelpaseodegracia.es\/ca\/wp-json\/wp\/v2\/pages\/3524\/revisions"}],"predecessor-version":[{"id":4503,"href":"https:\/\/www.hotelpaseodegracia.es\/ca\/wp-json\/wp\/v2\/pages\/3524\/revisions\/4503"}],"up":[{"embeddable":true,"href":"https:\/\/www.hotelpaseodegracia.es\/ca\/wp-json\/wp\/v2\/pages\/3517"}],"wp:attachment":[{"href":"https:\/\/www.hotelpaseodegracia.es\/ca\/wp-json\/wp\/v2\/media?parent=3524"}],"curies":[{"name":"wp","href":"https:\/\/api.w.org\/{rel}","templated":true}]}}