{"id":3523,"date":"2016-06-27T12:32:15","date_gmt":"2016-06-27T12:32:15","guid":{"rendered":"http:\/\/www.hotelpaseodegracia.es\/?page_id=3523"},"modified":"2019-09-05T11:16:03","modified_gmt":"2019-09-05T11:16:03","slug":"standard","status":"publish","type":"page","link":"https:\/\/www.hotelpaseodegracia.es\/ca\/habitacions\/standard\/","title":{"rendered":"Habitaci\u00f3 Standard"},"content":{"rendered":"<p>[vc_row][vc_column][vc_empty_space][\/vc_column][\/vc_row][vc_row margin_bottom_row=&#8221;15&#8243; parallax=&#8221;&#8221; parallax_image=&#8221;&#8221;][vc_column width=&#8221;1\/2&#8243; column_align=&#8221;&#8221; column_style=&#8221;&#8221; animation=&#8221;&#8221;][vc_column_text css=&#8221;.vc_custom_1478612879101{margin-bottom: 10px !important;padding-bottom: 10px !important;}&#8221;]<\/p>\n<h2>Habitaci\u00f3 Standard<\/h2>\n<p><span id=\"result_box\" class=\"\" lang=\"ca\"><span class=\"\">Les<\/span> <span class=\"\">habitacions<\/span> <span class=\"\">Standard de<\/span> l&#8217;<span class=\"\">Hotel<\/span> Paseo de Gracia s\u00f3n habitacions senzilles <span class=\"\">que ofereixen una<\/span> <span class=\"\">estada c\u00f2moda<\/span> <span class=\"\">al centre<\/span> <span class=\"\">de Barcelona<\/span> a un preu ajustat. Si el que vols \u00e9s estar <span class=\"\">al centre,<\/span> <span class=\"\">al mig<\/span> <span class=\"\">de la zona m\u00e9s<\/span> <span class=\"\">chic<\/span> de Barcelona, i no vols deixar-te el sou en luxes innecessaris<span class=\"\">, aquesta \u00e9s<\/span> <span class=\"\">la teva!<\/span><\/span>[\/vc_column_text]<a target=\"_blank\" href=\"https:\/\/reservations.verticalbooking.com\/reservations\/index.html?lingua_int=cat&#038;id_stile=13265&#038;id_albergo=17502&#038;dc=4515\" class=\"ww-button sf-button medium black squarearrow  \"><span>Reserva la teva habitaci\u00f3 low cost!<\/span><span class=\"arrow\"><\/span><\/a>[\/vc_column][vc_column width=&#8221;1\/2&#8243; column_align=&#8221;&#8221; column_style=&#8221;&#8221; animation=&#8221;&#8221;][vc_column_text]<\/p>\n<h2>Serveis<\/h2>\n<ul>\n<li>Bany complet privat<\/li>\n<li>Tovalloles i llen\u00e7ols inclosos<\/li>\n<li>Pack ammenities b\u00e0sic<\/li>\n<li>Servei de neteja diari<\/li>\n<li>Calefacci\u00f3 i aire condicionat<\/li>\n<li>Tel\u00e8fon directe<\/li>\n<li>Televisi\u00f3 de pantalla plana<\/li>\n<\/ul>\n<p>[\/vc_column_text][\/vc_column][\/vc_row][vc_row parallax=&#8221;&#8221; parallax_image=&#8221;&#8221;][vc_column column_align=&#8221;&#8221; column_style=&#8221;&#8221; animation=&#8221;&#8221;][vc_empty_space height=&#8221;25px&#8221;][vc_text_separator title=&#8221;Imatges&#8221; color=&#8221;black&#8221; el_class=&#8221;h4&#8243;][vc_empty_space height=&#8221;15px&#8221;][\/vc_column][\/vc_row][vc_row type=&#8221;ww-custom&#8221; background_color=&#8221;#ffffff&#8221; padding_top=&#8221;20&#8243; padding_bottom=&#8221;20&#8243; parallax=&#8221;&#8221; parallax_image=&#8221;&#8221;][vc_column column_align=&#8221;&#8221; column_style=&#8221;&#8221; animation=&#8221;&#8221; css=&#8221;.vc_custom_1478612991420{background-color: #000000 !important;}&#8221;][vc_images_carousel images=&#8221;6705,6720,6708,6711,6714,6717,6690,6693,6696,6702&#8243; img_size=&#8221;1400&#8243; slides_per_view=&#8221;3&#8243; hide_pagination_control=&#8221;yes&#8221; wrap=&#8221;yes&#8221; css=&#8221;.vc_custom_1567682156743{margin-top: 10px !important;margin-bottom: 10px !important;padding-top: 10px !important;padding-bottom: 10px !important;}&#8221;][\/vc_column][\/vc_row][vc_row parallax=&#8221;&#8221; parallax_image=&#8221;&#8221;][vc_column column_align=&#8221;&#8221; column_style=&#8221;&#8221; animation=&#8221;&#8221;][vc_empty_space height=&#8221;20px&#8221;][vc_empty_space height=&#8221;12px&#8221;][\/vc_column][\/vc_row]<\/p>\n","protected":false},"excerpt":{"rendered":"<p>[vc_row][vc_column][vc_empty_space][\/vc_column][\/vc_row][vc_row margin_bottom_row=&#8221;15&#8243; parallax=&#8221;&#8221; parallax_image=&#8221;&#8221;][vc_column width=&#8221;1\/2&#8243; column_align=&#8221;&#8221; column_style=&#8221;&#8221; animation=&#8221;&#8221;][vc_column_text css=&#8221;.vc_custom_1478612879101{margin-bottom: 10px !important;padding-bottom: 10px !important;}&#8221;] Habitaci\u00f3 Standard Les habitacions Standard de l&#8217;Hotel Paseo de Gracia s\u00f3n habitacions senzilles que ofereixen una estada c\u00f2moda al centre de Barcelona a un preu ajustat. Si el que vols \u00e9s estar al centre, al mig de la zona m\u00e9s chic de [&hellip;]<\/p>\n","protected":false},"author":1,"featured_media":0,"parent":3517,"menu_order":0,"comment_status":"open","ping_status":"open","template":"","meta":[],"_links":{"self":[{"href":"https:\/\/www.hotelpaseodegracia.es\/ca\/wp-json\/wp\/v2\/pages\/3523"}],"collection":[{"href":"https:\/\/www.hotelpaseodegracia.es\/ca\/wp-json\/wp\/v2\/pages"}],"about":[{"href":"https:\/\/www.hotelpaseodegracia.es\/ca\/wp-json\/wp\/v2\/types\/page"}],"author":[{"embeddable":true,"href":"https:\/\/www.hotelpaseodegracia.es\/ca\/wp-json\/wp\/v2\/users\/1"}],"replies":[{"embeddable":true,"href":"https:\/\/www.hotelpaseodegracia.es\/ca\/wp-json\/wp\/v2\/comments?post=3523"}],"version-history":[{"count":7,"href":"https:\/\/www.hotelpaseodegracia.es\/ca\/wp-json\/wp\/v2\/pages\/3523\/revisions"}],"predecessor-version":[{"id":6896,"href":"https:\/\/www.hotelpaseodegracia.es\/ca\/wp-json\/wp\/v2\/pages\/3523\/revisions\/6896"}],"up":[{"embeddable":true,"href":"https:\/\/www.hotelpaseodegracia.es\/ca\/wp-json\/wp\/v2\/pages\/3517"}],"wp:attachment":[{"href":"https:\/\/www.hotelpaseodegracia.es\/ca\/wp-json\/wp\/v2\/media?parent=3523"}],"curies":[{"name":"wp","href":"https:\/\/api.w.org\/{rel}","templated":true}]}}