{"id":3517,"date":"2016-06-27T12:29:50","date_gmt":"2016-06-27T12:29:50","guid":{"rendered":"http:\/\/www.hotelpaseodegracia.es\/?page_id=3517"},"modified":"2022-06-21T10:25:14","modified_gmt":"2022-06-21T10:25:14","slug":"habitacions","status":"publish","type":"page","link":"https:\/\/www.hotelpaseodegracia.es\/ca\/habitacions\/","title":{"rendered":"Habitacions"},"content":{"rendered":"<p>[vc_row][vc_column][vc_empty_space height=&#8221;25px&#8221;][\/vc_column][\/vc_row][vc_row parallax=&#8221;&#8221; parallax_image=&#8221;&#8221;][vc_column width=&#8221;1\/3&#8243; column_align=&#8221;&#8221; column_style=&#8221;&#8221; animation=&#8221;&#8221;][vc_column_text]<\/p>\n<h1>Habitacions<\/h1>\n<blockquote><p>Diferents tipus d&#8217;habitacions segons les teves necessitats.<\/p><\/blockquote>\n<p>A les habitacions de l&#8217;Hotel Paseo de Gracia teniu tot el necessari per a una estada c\u00f2moda i seran, sens dubte, la base ideal per visitar Barcelona.<\/p>\n<ul>\n<li>Bany complet a cada habitaci\u00f3<\/li>\n<li>Tovalloles i llen\u00e7ols inclosos<\/li>\n<li>Pack ammenities b\u00e0sic incl\u00f2s<\/li>\n<li>Neteja di\u00e0ria<\/li>\n<li>Calefacci\u00f3 i aire acondicionat<\/li>\n<li>Tel\u00e8fon directe<\/li>\n<li>Televisi\u00f3 de pantalla plana<\/li>\n<li>Habitacions familiars amb capacitat per a 4 persones i habitacions comunicades<\/li>\n<li>Habitacions per a\u00a0 grups<\/li>\n<\/ul>\n<p>[\/vc_column_text][vc_empty_space]<a target=\"_blank\" href=\"https:\/\/reservations.verticalbooking.com\/reservations\/index.html?lingua_int=cat&#038;id_stile=13265&#038;id_albergo=17502&#038;dc=4515\" class=\"ww-button sf-button medium black squarearrow  \"><span>Reserva ara!<\/span><span class=\"arrow\"><\/span><\/a>[\/vc_column][vc_column width=&#8221;1\/3&#8243; column_align=&#8221;&#8221; column_style=&#8221;bg-grey&#8221; animation=&#8221;&#8221; css=&#8221;.vc_custom_1493717951466{background-color: #000000 !important;}&#8221;]    <div class=\"ww-icon-heading center\">\n                <div class=\"ww-content\">\n                            <i class=\" fa fa-bed\" style=\"color:#ffffff; font-size:25px;\"><\/i>\n                                        <h2 style=\"color:#ffffff;\">Habitaci\u00f3 Standard<\/h2>\n                    <\/div>\n    <\/div>\n    [vc_single_image image=&#8221;6711&#8243; img_size=&#8221;large&#8221; alignment=&#8221;center&#8221; onclick=&#8221;custom_link&#8221; css_animation=&#8221;top-to-bottom&#8221; link=&#8221;https:\/\/www.hotelpaseodegracia.es\/ca\/habitacions\/standard\/&#8221; css=&#8221;.vc_custom_1567683699606{margin-bottom: 10px !important;padding-bottom: 10px !important;}&#8221;][vc_column_text el_class=&#8221;moreinfo&#8221;]<\/p>\n<h3 style=\"text-align: center;\"><span style=\"color: #ffffff;\"><a style=\"color: #ffffff;\" href=\"https:\/\/www.hotelpaseodegracia.es\/ca\/habitacions\/standard\/\">+ info<\/a><\/span><\/h3>\n<p>[\/vc_column_text][vc_separator color=&#8221;white&#8221;][vc_empty_space height=&#8221;20px&#8221;]    <div class=\"ww-icon-heading center\">\n                <div class=\"ww-content\">\n                            <i class=\" fa fa-bed\" style=\"color:#ffffff; font-size:25px;\"><\/i>\n                                        <h2 style=\"color:#ffffff;\">Habitacions Familiars<\/h2>\n                    <\/div>\n    <\/div>\n    [vc_single_image image=&#8221;6901&#8243; img_size=&#8221;large&#8221; alignment=&#8221;center&#8221; onclick=&#8221;custom_link&#8221; css_animation=&#8221;top-to-bottom&#8221; link=&#8221;https:\/\/www.hotelpaseodegracia.es\/ca\/habitacions\/habitacio-familiar\/&#8221; css=&#8221;.vc_custom_1567683899300{margin-bottom: 10px !important;padding-bottom: 10px !important;}&#8221;][vc_column_text el_class=&#8221;moreinfo&#8221;]<\/p>\n<h3 style=\"text-align: center;\"><a href=\"https:\/\/www.hotelpaseodegracia.es\/ca\/habitacions\/habitacio-familiar\/\"><span style=\"color: #ffffff;\">+ info<\/span><\/a><\/h3>\n<p>[\/vc_column_text][\/vc_column][vc_column width=&#8221;1\/3&#8243; column_align=&#8221;&#8221; column_style=&#8221;bg-grey&#8221; animation=&#8221;&#8221; css=&#8221;.vc_custom_1493717968598{background-color: #000000 !important;}&#8221;]    <div class=\"ww-icon-heading center\">\n                <div class=\"ww-content\">\n                            <i class=\" fa fa-bed\" style=\"color:#ffffff; font-size:25px;\"><\/i>\n                                        <h2 style=\"color:#ffffff;\">Habitaci\u00f3 Superior<\/h2>\n                    <\/div>\n    <\/div>\n    [vc_single_image image=&#8221;5629&#8243; img_size=&#8221;large&#8221; alignment=&#8221;center&#8221; onclick=&#8221;custom_link&#8221; css_animation=&#8221;top-to-bottom&#8221; link=&#8221;https:\/\/www.hotelpaseodegracia.es\/ca\/habitacions\/habitacio-superior\/&#8221; css=&#8221;.vc_custom_1467895197440{margin-bottom: 10px !important;padding-bottom: 10px !important;}&#8221;][vc_column_text el_class=&#8221;moreinfo&#8221;]<\/p>\n<h3 style=\"text-align: center;\"><a href=\"https:\/\/www.hotelpaseodegracia.es\/ca\/habitacions\/habitacio-superior\/\"><span style=\"color: #ffffff;\">+ info<\/span><\/a><\/h3>\n<p>[\/vc_column_text][vc_separator color=&#8221;white&#8221;][vc_empty_space height=&#8221;20px&#8221;][\/vc_column][\/vc_row][vc_row][vc_column][vc_empty_space height=&#8221;25px&#8221;][\/vc_column][\/vc_row]<\/p>\n","protected":false},"excerpt":{"rendered":"<p>[vc_row][vc_column][vc_empty_space height=&#8221;25px&#8221;][\/vc_column][\/vc_row][vc_row parallax=&#8221;&#8221; parallax_image=&#8221;&#8221;][vc_column width=&#8221;1\/3&#8243; column_align=&#8221;&#8221; column_style=&#8221;&#8221; animation=&#8221;&#8221;][vc_column_text] Habitacions Diferents tipus d&#8217;habitacions segons les teves necessitats. A les habitacions de l&#8217;Hotel Paseo de Gracia teniu tot el necessari per a una estada c\u00f2moda i seran, sens dubte, la base ideal per visitar Barcelona. Bany complet a cada habitaci\u00f3 Tovalloles i llen\u00e7ols inclosos Pack ammenities b\u00e0sic [&hellip;]<\/p>\n","protected":false},"author":1,"featured_media":5530,"parent":0,"menu_order":0,"comment_status":"open","ping_status":"open","template":"","meta":[],"_links":{"self":[{"href":"https:\/\/www.hotelpaseodegracia.es\/ca\/wp-json\/wp\/v2\/pages\/3517"}],"collection":[{"href":"https:\/\/www.hotelpaseodegracia.es\/ca\/wp-json\/wp\/v2\/pages"}],"about":[{"href":"https:\/\/www.hotelpaseodegracia.es\/ca\/wp-json\/wp\/v2\/types\/page"}],"author":[{"embeddable":true,"href":"https:\/\/www.hotelpaseodegracia.es\/ca\/wp-json\/wp\/v2\/users\/1"}],"replies":[{"embeddable":true,"href":"https:\/\/www.hotelpaseodegracia.es\/ca\/wp-json\/wp\/v2\/comments?post=3517"}],"version-history":[{"count":10,"href":"https:\/\/www.hotelpaseodegracia.es\/ca\/wp-json\/wp\/v2\/pages\/3517\/revisions"}],"predecessor-version":[{"id":7540,"href":"https:\/\/www.hotelpaseodegracia.es\/ca\/wp-json\/wp\/v2\/pages\/3517\/revisions\/7540"}],"wp:featuredmedia":[{"embeddable":true,"href":"https:\/\/www.hotelpaseodegracia.es\/ca\/wp-json\/wp\/v2\/media\/5530"}],"wp:attachment":[{"href":"https:\/\/www.hotelpaseodegracia.es\/ca\/wp-json\/wp\/v2\/media?parent=3517"}],"curies":[{"name":"wp","href":"https:\/\/api.w.org\/{rel}","templated":true}]}}