{"id":3512,"date":"2016-06-27T12:28:50","date_gmt":"2016-06-27T12:28:50","guid":{"rendered":"http:\/\/www.hotelpaseodegracia.es\/?page_id=3512"},"modified":"2018-11-06T13:26:24","modified_gmt":"2018-11-06T13:26:24","slug":"concepte","status":"publish","type":"page","link":"https:\/\/www.hotelpaseodegracia.es\/ca\/concepte\/","title":{"rendered":"Concepte"},"content":{"rendered":"<p>[vc_row][vc_column][vc_empty_space height=&#8221;20px&#8221;][vc_column_text]<\/p>\n<div id=\"article-229\" class=\"article page-article\">\n<h2>Els nostres Valors i Compromisos &#8211; El que Som<\/h2>\n<p>&nbsp;<\/p>\n<ul>\n<li>Som un hotel de 1* amb tot el b\u00e0sic i necessari per gaudir d&#8217;una bona estada a Barcelona.<\/li>\n<li>No tenim grans serveis, per aix\u00f2 som un hotel de 1*, per\u00f2 les nostres instal\u00b7lacions s\u00f3n c\u00f2modes i treballem constantment per millorar-les.<\/li>\n<li>Som un hotel petit i familiar i per aix\u00f2 podem oferir un tracte personalitzat.<\/li>\n<li>Tenim una de les millors ubicacions de Barcelona, \u200b\u200ben un edifici d&#8217;estil cl\u00e0ssic de l&#8217;Eixample i en ple Passeig de Gr\u00e0cia, la zona m\u00e9s <em>chic<\/em> de Barcelona.<\/li>\n<li>Des del nostre hotel podr\u00e0s anar caminant fins a pr\u00e0cticament qualsevol de les zones m\u00e9s interessants de Barcelona. La Pedrera \u00e9s a 1 min, la Sagrada Fam\u00edlia a 15 min, i la pla\u00e7a de Catalunya o la Rambla a 18 minuts a peu o tan sols 2 parades de metro.<\/li>\n<li>El metro, la millor manera de moure\u2019s per Barcelona, \u200b\u200best\u00e0 just davant de l&#8217;Hotel, aix\u00ed com el Bus Tur\u00edstic.<\/li>\n<li>Moltes de les nostres habitacions tenen balc\u00f3 amb vista sobre el passeig de Gr\u00e0cia, algunes tenen terrassa, tot i que no podem garantir cap en concret en el moment de la reserva.<\/li>\n<li>En un m\u00f3n en qu\u00e8 ja no es pot viure sense Internet, oferim WIFI gratis a m\u00e9s de posar un ordinador amb connexi\u00f3 gratu\u00efta a disposici\u00f3 dels nostres clients. Mai cobrarem per aix\u00f2!<\/li>\n<li>Si necessites qualsevol informaci\u00f3 sobre Barcelona, \u200b\u200bno dubtis a preguntar! Coneixem b\u00e9 la nostra ciutat i la seva oferta i tamb\u00e9 et donarem mapes de Barcelona gratis.<\/li>\n<li>A m\u00e9s, hem preparat per a vosaltres una guia amb les nostres propostes per gaudir encara m\u00e9s de la nostra preciosa ciutat. Pots descarregar-te-la en <a href=\"http:\/\/www.hotelpaseodegracia.es\/documents\/Sugerencias-Barcelona-byHotelPaseoGracia.pdf\" target=\"_blank\" rel=\"noopener\">Castell\u00e0<\/a> i en Angl\u00e8s. S\u00f3n llocs que hem provat nosaltres mateixos i no cobrem comissions per esmentar-los, senzillament ens agraden i per aix\u00f2 els recomanem.<\/li>\n<li>Amb les nostres tarifes low cost, podr\u00e0s tenir tota una habitaci\u00f3 amb bany privat per un preu similar al que et cobrarien en un hostal. Compara i veur\u00e0s!<\/li>\n<li>Si busques un hotel de car\u00e0cter similar per\u00f2 amb m\u00e9s serveis, pots visitar <strong>Hotel Actual<\/strong>, el nostre <a href=\"http:\/\/www.hotelactual.com\" target=\"_blank\" rel=\"noopener\">hotel boutique<\/a> de 3* situat just al costat de l&#8217;Hotel Passeig de Gr\u00e0cia.<\/li>\n<\/ul>\n<\/div>\n<p>[\/vc_column_text][\/vc_column][\/vc_row]<\/p>\n","protected":false},"excerpt":{"rendered":"<p>[vc_row][vc_column][vc_empty_space height=&#8221;20px&#8221;][vc_column_text] Els nostres Valors i Compromisos &#8211; El que Som &nbsp; Som un hotel de 1* amb tot el b\u00e0sic i necessari per gaudir d&#8217;una bona estada a Barcelona. No tenim grans serveis, per aix\u00f2 som un hotel de 1*, per\u00f2 les nostres instal\u00b7lacions s\u00f3n c\u00f2modes i treballem constantment per millorar-les. Som un hotel [&hellip;]<\/p>\n","protected":false},"author":1,"featured_media":0,"parent":0,"menu_order":0,"comment_status":"open","ping_status":"open","template":"","meta":[],"_links":{"self":[{"href":"https:\/\/www.hotelpaseodegracia.es\/ca\/wp-json\/wp\/v2\/pages\/3512"}],"collection":[{"href":"https:\/\/www.hotelpaseodegracia.es\/ca\/wp-json\/wp\/v2\/pages"}],"about":[{"href":"https:\/\/www.hotelpaseodegracia.es\/ca\/wp-json\/wp\/v2\/types\/page"}],"author":[{"embeddable":true,"href":"https:\/\/www.hotelpaseodegracia.es\/ca\/wp-json\/wp\/v2\/users\/1"}],"replies":[{"embeddable":true,"href":"https:\/\/www.hotelpaseodegracia.es\/ca\/wp-json\/wp\/v2\/comments?post=3512"}],"version-history":[{"count":3,"href":"https:\/\/www.hotelpaseodegracia.es\/ca\/wp-json\/wp\/v2\/pages\/3512\/revisions"}],"predecessor-version":[{"id":4785,"href":"https:\/\/www.hotelpaseodegracia.es\/ca\/wp-json\/wp\/v2\/pages\/3512\/revisions\/4785"}],"wp:attachment":[{"href":"https:\/\/www.hotelpaseodegracia.es\/ca\/wp-json\/wp\/v2\/media?parent=3512"}],"curies":[{"name":"wp","href":"https:\/\/api.w.org\/{rel}","templated":true}]}}